{"id":98,"date":"2017-08-28T13:44:25","date_gmt":"2017-08-28T12:44:25","guid":{"rendered":"http:\/\/association-sakura.fr\/?page_id=98"},"modified":"2017-08-28T13:44:46","modified_gmt":"2017-08-28T12:44:46","slug":"curry-japonais","status":"publish","type":"page","link":"https:\/\/association-sakura.fr\/?page_id=98","title":{"rendered":"Curry Japonais"},"content":{"rendered":"<p>Voici une des recettes japonaise tr\u00e8s simple qui fait parti int\u00e9grante de la gastronomie japonaise.<\/p>\n<p>Je vais vous donner ma recette qui est tr\u00e8s simple ! A savoir qu&rsquo;il y a autant de recettes de curry au Japon que de recettes de macaronade dans la r\u00e9gion. Chacun \u00e0 la sienne et ici c&rsquo;est l&rsquo;une des plus \u00ab\u00a0basiques\u00a0\u00bb !<\/p>\n<p>Difficult\u00e9 : facile<\/p>\n<p>Temps : Environ 50 min<\/p>\n<p><span style=\"text-decoration: underline;\">Ingr\u00e9dients<\/span> :<\/p>\n<ul>\n<li>500gr de poulet (je prends en g\u00e9n\u00e9ral des blancs)<\/li>\n<li>2 carottes<\/li>\n<li>6-7 pommes de terre (moyenne)<\/li>\n<li>1 oignon<\/li>\n<li>1 <a href=\"http:\/\/www.candysan.com\/product.php?id_product=2056\">bloc de curry <\/a>(trouvable dans toutes les \u00e9piceries asiatiques)<\/li>\n<li>Huile pour la cuisson<\/li>\n<li>Eau (la quantit\u00e9 d\u00e9pend du bloc de curry achet\u00e9)<\/li>\n<li>De la poudre de curry<\/li>\n<\/ul>\n<p><span style=\"text-decoration: underline;\">Recette<\/span> :<\/p>\n<ul>\n<li>Dans un saladier, d\u00e9coupez le poulet en cubes, et mettez 2-3 cuill\u00e8res \u00e0 soupe de curry, remuez et mettez de c\u00f4t\u00e9<\/li>\n<li>\u00c9pluchez et d\u00e9coupez en morceaux \u00e9gaux les l\u00e9gumes (pour qu&rsquo;ils aient le m\u00eame temps de cuisson)<\/li>\n<li>Dans une marmite, mettez l&rsquo;huile au fonds et mettez y la viande, une fois la viande pr\u00e9 cuite, remettez l\u00e0 dans le saladier<\/li>\n<li>Ensuite, mettez l&rsquo;oignon \u00e0 cuire, ensuite les carottes et les pommes de terre et faites les revenir dans l&rsquo;huile<\/li>\n<li>Une fois les l\u00e9gumes revenus, ajoutez la quantit\u00e9 d&rsquo;eau (en g\u00e9n\u00e9ral faut que \u00e7a couvre les l\u00e9gumes) et mettez le feu doux \/ moyen<\/li>\n<li>De temps en temps enlevez l&rsquo;\u00e9cume qui se forme sur l&rsquo;eau de cuisson<\/li>\n<li>Une fois les l\u00e9gumes presque cuits, ajoutez la viande et coupez le bloc de curry et r\u00e9partissez le dans la marmite<\/li>\n<li>Remuez de temps en temps afin que le liquide s&rsquo;\u00e9paississe<\/li>\n<li>Laissez mijoter et d\u00e9guster \u00e0 la cuill\u00e8re \u00e0 soupe avec du riz blanc<\/li>\n<\/ul>\n<p>\u3044\u305f\u3060\u304d\u307e\u3059 !<\/p>\n<div class=\"sharedaddy sd-sharing-enabled\"><div class=\"robots-nocontent sd-block sd-social sd-social-icon sd-sharing\"><h3 class=\"sd-title\">Partager\u00a0:<\/h3><div class=\"sd-content\"><ul><li class=\"share-twitter\"><a rel=\"nofollow noopener noreferrer\" data-shared=\"sharing-twitter-98\" class=\"share-twitter sd-button share-icon no-text\" href=\"https:\/\/association-sakura.fr\/?page_id=98&amp;share=twitter\" target=\"_blank\" title=\"Cliquez pour partager sur Twitter\" ><span><\/span><span class=\"sharing-screen-reader-text\">Cliquez pour partager sur Twitter(ouvre dans une nouvelle fen\u00eatre)<\/span><\/a><\/li><li class=\"share-facebook\"><a rel=\"nofollow noopener noreferrer\" data-shared=\"sharing-facebook-98\" class=\"share-facebook sd-button share-icon no-text\" href=\"https:\/\/association-sakura.fr\/?page_id=98&amp;share=facebook\" target=\"_blank\" title=\"Cliquez pour partager sur Facebook\" ><span><\/span><span class=\"sharing-screen-reader-text\">Cliquez pour partager sur Facebook(ouvre dans une nouvelle fen\u00eatre)<\/span><\/a><\/li><li class=\"share-end\"><\/li><\/ul><\/div><\/div><\/div>","protected":false},"excerpt":{"rendered":"<p>Voici une des recettes japonaise tr\u00e8s simple qui fait parti int\u00e9grante de la gastronomie japonaise. Je vais vous donner ma recette qui est tr\u00e8s simple ! A savoir qu&rsquo;il y a autant de recettes de curry au Japon que de recettes de macaronade dans la r\u00e9gion. Chacun \u00e0 la sienne et ici c&rsquo;est l&rsquo;une des <a class=\"read-more\" href=\"https:\/\/association-sakura.fr\/?page_id=98\">Read More<\/a><\/p>\n<div class=\"sharedaddy sd-sharing-enabled\"><div class=\"robots-nocontent sd-block sd-social sd-social-icon sd-sharing\"><h3 class=\"sd-title\">Partager\u00a0:<\/h3><div class=\"sd-content\"><ul><li class=\"share-twitter\"><a rel=\"nofollow noopener noreferrer\" data-shared=\"sharing-twitter-98\" class=\"share-twitter sd-button share-icon no-text\" href=\"https:\/\/association-sakura.fr\/?page_id=98&amp;share=twitter\" target=\"_blank\" title=\"Cliquez pour partager sur Twitter\" ><span><\/span><span class=\"sharing-screen-reader-text\">Cliquez pour partager sur Twitter(ouvre dans une nouvelle fen\u00eatre)<\/span><\/a><\/li><li class=\"share-facebook\"><a rel=\"nofollow noopener noreferrer\" data-shared=\"sharing-facebook-98\" class=\"share-facebook sd-button share-icon no-text\" href=\"https:\/\/association-sakura.fr\/?page_id=98&amp;share=facebook\" target=\"_blank\" title=\"Cliquez pour partager sur Facebook\" ><span><\/span><span class=\"sharing-screen-reader-text\">Cliquez pour partager sur Facebook(ouvre dans une nouvelle fen\u00eatre)<\/span><\/a><\/li><li class=\"share-end\"><\/li><\/ul><\/div><\/div><\/div>","protected":false},"author":1,"featured_media":0,"parent":96,"menu_order":0,"comment_status":"closed","ping_status":"closed","template":"","meta":{"jetpack_post_was_ever_published":false},"jetpack_sharing_enabled":true,"jetpack_shortlink":"https:\/\/wp.me\/P7NwjI-1A","jetpack-related-posts":[{"id":120,"url":"https:\/\/association-sakura.fr\/?page_id=120","url_meta":{"origin":98,"position":0},"title":"Oyakodon &#8211; \u304a\u3084\u3053\u3069\u3093","date":"11 septembre 2017","format":false,"excerpt":"L'oyakodon est ce que l'on appelle un \"Donburi\" \u3069\u3093\u3076\u308asoit un plat qui se mange dans un bol. Mais autre particularit\u00e9 de se plat \u00e0 base de poulet et d\u2019\u0153uf, \u00a0il signifie la m\u00e8re et l'enfant car \"Oya\"\u00a0\u304a\u3084 signifie les parents, et \"ko\"\u3053 les enfants. C'est une recette simple et d\u00e9licieuse,\u2026","rel":"","context":"Article similaire","img":{"alt_text":"","src":"","width":0,"height":0},"classes":[]},{"id":100,"url":"https:\/\/association-sakura.fr\/?page_id=100","url_meta":{"origin":98,"position":1},"title":"Dorayaki &#8211; \u3069\u3089\u3084\u304d","date":"28 ao\u00fbt 2017","format":false,"excerpt":"Voici la recette d'un des desserts japonais, ce dessert est le pr\u00e9f\u00e9r\u00e9 de Doraemon, le chat bleu dot\u00e9 d'une poche ventrale :-) Les Dorayaki ressemblent \u00e0 2 pancakes fourr\u00e9s \u00e0 la p\u00e2te d'haricots \"Azuki\", tr\u00e8s appr\u00e9ci\u00e9 au Japon, ce dessert, se trouve partout dans les combinis mais aussi dans les\u2026","rel":"","context":"Article similaire","img":{"alt_text":"","src":"","width":0,"height":0},"classes":[]},{"id":96,"url":"https:\/\/association-sakura.fr\/?page_id=96","url_meta":{"origin":98,"position":2},"title":"Recettes","date":"28 ao\u00fbt 2017","format":false,"excerpt":"Voici quelques id\u00e9es de recettes japonaise","rel":"","context":"Article similaire","img":{"alt_text":"","src":"","width":0,"height":0},"classes":[]},{"id":58,"url":"https:\/\/association-sakura.fr\/?page_id=58","url_meta":{"origin":98,"position":3},"title":"Langue Japonaise \u65e5\u672c\u8a9e","date":"18 ao\u00fbt 2016","format":false,"excerpt":"La langue japonaise, c'est une langue qui est \u00e9loign\u00e9 du fran\u00e7ais, mais tout aussi po\u00e9tique ! A savoir que la langue japonaise \u00e0 4 \u00e9critures :\u00a0 Hiragana Katakana Kanji Furigana Dans un premier lieu, lors de cours, les hiraganas et katakana (ordinairement dit les \"kanas\") sont appris afin d'utiliser ensuite\u2026","rel":"","context":"Article similaire","img":{"alt_text":"","src":"https:\/\/i0.wp.com\/association-sakura.fr\/wp-content\/uploads\/2020\/08\/Hiragana-300x225.png?resize=350%2C200","width":350,"height":200},"classes":[]},{"id":39,"url":"https:\/\/association-sakura.fr\/?page_id=39","url_meta":{"origin":98,"position":4},"title":"Qui sommes nous ?","date":"12 ao\u00fbt 2016","format":false,"excerpt":"L'association Sakura est n\u00e9e \u00e0 l'initiative de passionn\u00e9s du Japon. Elle a \u00e9t\u00e9 cr\u00e9\u00e9e dans le but de faire d\u00e9couvrir les multiples facettes du pays, que ce soit \u00e0 travers, l'apprentissage de la langue japonaise, sa cuisine, ses \u00e9v\u00e8nements au fil des saisons, etc... Nous serons ravis de vous faire\u2026","rel":"","context":"Article similaire","img":{"alt_text":"","src":"","width":0,"height":0},"classes":[]},{"id":3268,"url":"https:\/\/association-sakura.fr\/?page_id=3268","url_meta":{"origin":98,"position":5},"title":"2022 &#8211; Semaine du Japon en Occitanie &#8211; Expo du Japon \u00e0 P\u00e9zenas","date":"27 d\u00e9cembre 2022","format":false,"excerpt":"Merci \u00e0 la Mairie de P\u00e9zenas pour ses photos !!! Egalement un grand merci au Consulat du Japon \u00e0 Marseille et \u00e0 l'association Y\u00fbjo pour la mise en place de cette semaine du Japon en Occitanie, mais aussi \u00e0 l'artisan Papetier et \u00e0 l'atelier de Michiko pour leur pr\u00eat de\u2026","rel":"","context":"Article similaire","img":{"alt_text":"","src":"https:\/\/i0.wp.com\/association-sakura.fr\/wp-content\/uploads\/2022\/12\/IMG_4573-scaled.jpg?resize=350%2C200&ssl=1","width":350,"height":200},"classes":[]}],"jetpack_likes_enabled":true,"_links":{"self":[{"href":"https:\/\/association-sakura.fr\/index.php?rest_route=\/wp\/v2\/pages\/98"}],"collection":[{"href":"https:\/\/association-sakura.fr\/index.php?rest_route=\/wp\/v2\/pages"}],"about":[{"href":"https:\/\/association-sakura.fr\/index.php?rest_route=\/wp\/v2\/types\/page"}],"author":[{"embeddable":true,"href":"https:\/\/association-sakura.fr\/index.php?rest_route=\/wp\/v2\/users\/1"}],"replies":[{"embeddable":true,"href":"https:\/\/association-sakura.fr\/index.php?rest_route=%2Fwp%2Fv2%2Fcomments&post=98"}],"version-history":[{"count":1,"href":"https:\/\/association-sakura.fr\/index.php?rest_route=\/wp\/v2\/pages\/98\/revisions"}],"predecessor-version":[{"id":99,"href":"https:\/\/association-sakura.fr\/index.php?rest_route=\/wp\/v2\/pages\/98\/revisions\/99"}],"up":[{"embeddable":true,"href":"https:\/\/association-sakura.fr\/index.php?rest_route=\/wp\/v2\/pages\/96"}],"wp:attachment":[{"href":"https:\/\/association-sakura.fr\/index.php?rest_route=%2Fwp%2Fv2%2Fmedia&parent=98"}],"curies":[{"name":"wp","href":"https:\/\/api.w.org\/{rel}","templated":true}]}}