{"id":96,"date":"2017-08-28T13:26:43","date_gmt":"2017-08-28T12:26:43","guid":{"rendered":"http:\/\/association-sakura.fr\/?page_id=96"},"modified":"2017-08-28T13:27:24","modified_gmt":"2017-08-28T12:27:24","slug":"recettes","status":"publish","type":"page","link":"https:\/\/association-sakura.fr\/?page_id=96","title":{"rendered":"Recettes"},"content":{"rendered":"<p>Voici quelques id\u00e9es de recettes japonaise<\/p>\n<div class=\"sharedaddy sd-sharing-enabled\"><div class=\"robots-nocontent sd-block sd-social sd-social-icon sd-sharing\"><h3 class=\"sd-title\">Partager\u00a0:<\/h3><div class=\"sd-content\"><ul><li class=\"share-twitter\"><a rel=\"nofollow noopener noreferrer\" data-shared=\"sharing-twitter-96\" class=\"share-twitter sd-button share-icon no-text\" href=\"https:\/\/association-sakura.fr\/?page_id=96&amp;share=twitter\" target=\"_blank\" title=\"Cliquez pour partager sur Twitter\" ><span><\/span><span class=\"sharing-screen-reader-text\">Cliquez pour partager sur Twitter(ouvre dans une nouvelle fen\u00eatre)<\/span><\/a><\/li><li class=\"share-facebook\"><a rel=\"nofollow noopener noreferrer\" data-shared=\"sharing-facebook-96\" class=\"share-facebook sd-button share-icon no-text\" href=\"https:\/\/association-sakura.fr\/?page_id=96&amp;share=facebook\" target=\"_blank\" title=\"Cliquez pour partager sur Facebook\" ><span><\/span><span class=\"sharing-screen-reader-text\">Cliquez pour partager sur Facebook(ouvre dans une nouvelle fen\u00eatre)<\/span><\/a><\/li><li class=\"share-end\"><\/li><\/ul><\/div><\/div><\/div>","protected":false},"excerpt":{"rendered":"<p>Voici quelques id\u00e9es de recettes japonaise<\/p>\n<div class=\"sharedaddy sd-sharing-enabled\"><div class=\"robots-nocontent sd-block sd-social sd-social-icon sd-sharing\"><h3 class=\"sd-title\">Partager\u00a0:<\/h3><div class=\"sd-content\"><ul><li class=\"share-twitter\"><a rel=\"nofollow noopener noreferrer\" data-shared=\"sharing-twitter-96\" class=\"share-twitter sd-button share-icon no-text\" href=\"https:\/\/association-sakura.fr\/?page_id=96&amp;share=twitter\" target=\"_blank\" title=\"Cliquez pour partager sur Twitter\" ><span><\/span><span class=\"sharing-screen-reader-text\">Cliquez pour partager sur Twitter(ouvre dans une nouvelle fen\u00eatre)<\/span><\/a><\/li><li class=\"share-facebook\"><a rel=\"nofollow noopener noreferrer\" data-shared=\"sharing-facebook-96\" class=\"share-facebook sd-button share-icon no-text\" href=\"https:\/\/association-sakura.fr\/?page_id=96&amp;share=facebook\" target=\"_blank\" title=\"Cliquez pour partager sur Facebook\" ><span><\/span><span class=\"sharing-screen-reader-text\">Cliquez pour partager sur Facebook(ouvre dans une nouvelle fen\u00eatre)<\/span><\/a><\/li><li class=\"share-end\"><\/li><\/ul><\/div><\/div><\/div>","protected":false},"author":1,"featured_media":0,"parent":0,"menu_order":0,"comment_status":"closed","ping_status":"closed","template":"","meta":{"jetpack_post_was_ever_published":false},"jetpack_sharing_enabled":true,"jetpack_shortlink":"https:\/\/wp.me\/P7NwjI-1y","jetpack-related-posts":[{"id":98,"url":"https:\/\/association-sakura.fr\/?page_id=98","url_meta":{"origin":96,"position":0},"title":"Curry Japonais","date":"28 ao\u00fbt 2017","format":false,"excerpt":"Voici une des recettes japonaise tr\u00e8s simple qui fait parti int\u00e9grante de la gastronomie japonaise. Je vais vous donner ma recette qui est tr\u00e8s simple ! A savoir qu'il y a autant de recettes de curry au Japon que de recettes de macaronade dans la r\u00e9gion. Chacun \u00e0 la sienne\u2026","rel":"","context":"Article similaire","img":{"alt_text":"","src":"","width":0,"height":0},"classes":[]},{"id":100,"url":"https:\/\/association-sakura.fr\/?page_id=100","url_meta":{"origin":96,"position":1},"title":"Dorayaki &#8211; \u3069\u3089\u3084\u304d","date":"28 ao\u00fbt 2017","format":false,"excerpt":"Voici la recette d'un des desserts japonais, ce dessert est le pr\u00e9f\u00e9r\u00e9 de Doraemon, le chat bleu dot\u00e9 d'une poche ventrale :-) Les Dorayaki ressemblent \u00e0 2 pancakes fourr\u00e9s \u00e0 la p\u00e2te d'haricots \"Azuki\", tr\u00e8s appr\u00e9ci\u00e9 au Japon, ce dessert, se trouve partout dans les combinis mais aussi dans les\u2026","rel":"","context":"Article similaire","img":{"alt_text":"","src":"","width":0,"height":0},"classes":[]},{"id":120,"url":"https:\/\/association-sakura.fr\/?page_id=120","url_meta":{"origin":96,"position":2},"title":"Oyakodon &#8211; \u304a\u3084\u3053\u3069\u3093","date":"11 septembre 2017","format":false,"excerpt":"L'oyakodon est ce que l'on appelle un \"Donburi\" \u3069\u3093\u3076\u308asoit un plat qui se mange dans un bol. Mais autre particularit\u00e9 de se plat \u00e0 base de poulet et d\u2019\u0153uf, \u00a0il signifie la m\u00e8re et l'enfant car \"Oya\"\u00a0\u304a\u3084 signifie les parents, et \"ko\"\u3053 les enfants. C'est une recette simple et d\u00e9licieuse,\u2026","rel":"","context":"Article similaire","img":{"alt_text":"","src":"","width":0,"height":0},"classes":[]},{"id":58,"url":"https:\/\/association-sakura.fr\/?page_id=58","url_meta":{"origin":96,"position":3},"title":"Langue Japonaise \u65e5\u672c\u8a9e","date":"18 ao\u00fbt 2016","format":false,"excerpt":"La langue japonaise, c'est une langue qui est \u00e9loign\u00e9 du fran\u00e7ais, mais tout aussi po\u00e9tique ! A savoir que la langue japonaise \u00e0 4 \u00e9critures :\u00a0 Hiragana Katakana Kanji Furigana Dans un premier lieu, lors de cours, les hiraganas et katakana (ordinairement dit les \"kanas\") sont appris afin d'utiliser ensuite\u2026","rel":"","context":"Article similaire","img":{"alt_text":"","src":"https:\/\/i0.wp.com\/association-sakura.fr\/wp-content\/uploads\/2020\/08\/Hiragana-300x225.png?resize=350%2C200","width":350,"height":200},"classes":[]},{"id":39,"url":"https:\/\/association-sakura.fr\/?page_id=39","url_meta":{"origin":96,"position":4},"title":"Qui sommes nous ?","date":"12 ao\u00fbt 2016","format":false,"excerpt":"L'association Sakura est n\u00e9e \u00e0 l'initiative de passionn\u00e9s du Japon. Elle a \u00e9t\u00e9 cr\u00e9\u00e9e dans le but de faire d\u00e9couvrir les multiples facettes du pays, que ce soit \u00e0 travers, l'apprentissage de la langue japonaise, sa cuisine, ses \u00e9v\u00e8nements au fil des saisons, etc... Nous serons ravis de vous faire\u2026","rel":"","context":"Article similaire","img":{"alt_text":"","src":"","width":0,"height":0},"classes":[]},{"id":12,"url":"https:\/\/association-sakura.fr\/?page_id=12","url_meta":{"origin":96,"position":5},"title":"Ev\u00e8nements","date":"11 ao\u00fbt 2016","format":false,"excerpt":"L'association Sakura proposera des \u00e9v\u00e8nement en lien avec le Japon. Voici quelques exemples d'\u00e9v\u00e8nements : Hanami Tanabata Tsukimi Etc... \u00a0 \u00a0","rel":"","context":"Article similaire","img":{"alt_text":"","src":"","width":0,"height":0},"classes":[]}],"jetpack_likes_enabled":true,"_links":{"self":[{"href":"https:\/\/association-sakura.fr\/index.php?rest_route=\/wp\/v2\/pages\/96"}],"collection":[{"href":"https:\/\/association-sakura.fr\/index.php?rest_route=\/wp\/v2\/pages"}],"about":[{"href":"https:\/\/association-sakura.fr\/index.php?rest_route=\/wp\/v2\/types\/page"}],"author":[{"embeddable":true,"href":"https:\/\/association-sakura.fr\/index.php?rest_route=\/wp\/v2\/users\/1"}],"replies":[{"embeddable":true,"href":"https:\/\/association-sakura.fr\/index.php?rest_route=%2Fwp%2Fv2%2Fcomments&post=96"}],"version-history":[{"count":1,"href":"https:\/\/association-sakura.fr\/index.php?rest_route=\/wp\/v2\/pages\/96\/revisions"}],"predecessor-version":[{"id":97,"href":"https:\/\/association-sakura.fr\/index.php?rest_route=\/wp\/v2\/pages\/96\/revisions\/97"}],"wp:attachment":[{"href":"https:\/\/association-sakura.fr\/index.php?rest_route=%2Fwp%2Fv2%2Fmedia&parent=96"}],"curies":[{"name":"wp","href":"https:\/\/api.w.org\/{rel}","templated":true}]}}