{"id":39,"date":"2016-08-12T15:11:35","date_gmt":"2016-08-12T14:11:35","guid":{"rendered":"http:\/\/association-sakura.fr\/?page_id=39"},"modified":"2017-08-28T13:29:05","modified_gmt":"2017-08-28T12:29:05","slug":"qui-sommes-nous","status":"publish","type":"page","link":"https:\/\/association-sakura.fr\/?page_id=39","title":{"rendered":"Qui sommes nous ?"},"content":{"rendered":"<p>L&rsquo;association Sakura est n\u00e9e \u00e0 l&rsquo;initiative de passionn\u00e9s du Japon. Elle a \u00e9t\u00e9 cr\u00e9\u00e9e dans le but de faire d\u00e9couvrir les multiples facettes du pays, que ce soit \u00e0 travers, l&rsquo;apprentissage de la langue japonaise, sa cuisine, ses \u00e9v\u00e8nements au fil des saisons, etc&#8230;<\/p>\n<p>Nous serons ravis de vous faire d\u00e9couvrir\u00a0le Japon \ud83d\ude42<\/p>\n<p>N&rsquo;h\u00e9sitez pas \u00e0 prendre contact avec nous !<\/p>\n<p>\u3088\u308d\u3057\u304f<\/p>\n<div class=\"sharedaddy sd-sharing-enabled\"><div class=\"robots-nocontent sd-block sd-social sd-social-icon sd-sharing\"><h3 class=\"sd-title\">Partager\u00a0:<\/h3><div class=\"sd-content\"><ul><li class=\"share-twitter\"><a rel=\"nofollow noopener noreferrer\" data-shared=\"sharing-twitter-39\" class=\"share-twitter sd-button share-icon no-text\" href=\"https:\/\/association-sakura.fr\/?page_id=39&amp;share=twitter\" target=\"_blank\" title=\"Cliquez pour partager sur Twitter\" ><span><\/span><span class=\"sharing-screen-reader-text\">Cliquez pour partager sur Twitter(ouvre dans une nouvelle fen\u00eatre)<\/span><\/a><\/li><li class=\"share-facebook\"><a rel=\"nofollow noopener noreferrer\" data-shared=\"sharing-facebook-39\" class=\"share-facebook sd-button share-icon no-text\" href=\"https:\/\/association-sakura.fr\/?page_id=39&amp;share=facebook\" target=\"_blank\" title=\"Cliquez pour partager sur Facebook\" ><span><\/span><span class=\"sharing-screen-reader-text\">Cliquez pour partager sur Facebook(ouvre dans une nouvelle fen\u00eatre)<\/span><\/a><\/li><li class=\"share-end\"><\/li><\/ul><\/div><\/div><\/div>","protected":false},"excerpt":{"rendered":"<p>L&rsquo;association Sakura est n\u00e9e \u00e0 l&rsquo;initiative de passionn\u00e9s du Japon. Elle a \u00e9t\u00e9 cr\u00e9\u00e9e dans le but de faire d\u00e9couvrir les multiples facettes du pays, que ce soit \u00e0 travers, l&rsquo;apprentissage de la langue japonaise, sa cuisine, ses \u00e9v\u00e8nements au fil des saisons, etc&#8230; Nous serons ravis de vous faire d\u00e9couvrir\u00a0le Japon \ud83d\ude42 N&rsquo;h\u00e9sitez pas <a class=\"read-more\" href=\"https:\/\/association-sakura.fr\/?page_id=39\">Read More<\/a><\/p>\n<div class=\"sharedaddy sd-sharing-enabled\"><div class=\"robots-nocontent sd-block sd-social sd-social-icon sd-sharing\"><h3 class=\"sd-title\">Partager\u00a0:<\/h3><div class=\"sd-content\"><ul><li class=\"share-twitter\"><a rel=\"nofollow noopener noreferrer\" data-shared=\"sharing-twitter-39\" class=\"share-twitter sd-button share-icon no-text\" href=\"https:\/\/association-sakura.fr\/?page_id=39&amp;share=twitter\" target=\"_blank\" title=\"Cliquez pour partager sur Twitter\" ><span><\/span><span class=\"sharing-screen-reader-text\">Cliquez pour partager sur Twitter(ouvre dans une nouvelle fen\u00eatre)<\/span><\/a><\/li><li class=\"share-facebook\"><a rel=\"nofollow noopener noreferrer\" data-shared=\"sharing-facebook-39\" class=\"share-facebook sd-button share-icon no-text\" href=\"https:\/\/association-sakura.fr\/?page_id=39&amp;share=facebook\" target=\"_blank\" title=\"Cliquez pour partager sur Facebook\" ><span><\/span><span class=\"sharing-screen-reader-text\">Cliquez pour partager sur Facebook(ouvre dans une nouvelle fen\u00eatre)<\/span><\/a><\/li><li class=\"share-end\"><\/li><\/ul><\/div><\/div><\/div>","protected":false},"author":1,"featured_media":0,"parent":0,"menu_order":2,"comment_status":"closed","ping_status":"closed","template":"","meta":{"jetpack_post_was_ever_published":false},"jetpack_sharing_enabled":true,"jetpack_shortlink":"https:\/\/wp.me\/P7NwjI-D","jetpack-related-posts":[{"id":3268,"url":"https:\/\/association-sakura.fr\/?page_id=3268","url_meta":{"origin":39,"position":0},"title":"2022 &#8211; Semaine du Japon en Occitanie &#8211; Expo du Japon \u00e0 P\u00e9zenas","date":"27 d\u00e9cembre 2022","format":false,"excerpt":"Merci \u00e0 la Mairie de P\u00e9zenas pour ses photos !!! Egalement un grand merci au Consulat du Japon \u00e0 Marseille et \u00e0 l'association Y\u00fbjo pour la mise en place de cette semaine du Japon en Occitanie, mais aussi \u00e0 l'artisan Papetier et \u00e0 l'atelier de Michiko pour leur pr\u00eat de\u2026","rel":"","context":"Article similaire","img":{"alt_text":"","src":"https:\/\/i0.wp.com\/association-sakura.fr\/wp-content\/uploads\/2022\/12\/IMG_4573-scaled.jpg?resize=350%2C200&ssl=1","width":350,"height":200},"classes":[]},{"id":58,"url":"https:\/\/association-sakura.fr\/?page_id=58","url_meta":{"origin":39,"position":1},"title":"Langue Japonaise \u65e5\u672c\u8a9e","date":"18 ao\u00fbt 2016","format":false,"excerpt":"La langue japonaise, c'est une langue qui est \u00e9loign\u00e9 du fran\u00e7ais, mais tout aussi po\u00e9tique ! A savoir que la langue japonaise \u00e0 4 \u00e9critures :\u00a0 Hiragana Katakana Kanji Furigana Dans un premier lieu, lors de cours, les hiraganas et katakana (ordinairement dit les \"kanas\") sont appris afin d'utiliser ensuite\u2026","rel":"","context":"Article similaire","img":{"alt_text":"","src":"https:\/\/i0.wp.com\/association-sakura.fr\/wp-content\/uploads\/2020\/08\/Hiragana-300x225.png?resize=350%2C200","width":350,"height":200},"classes":[]},{"id":98,"url":"https:\/\/association-sakura.fr\/?page_id=98","url_meta":{"origin":39,"position":2},"title":"Curry Japonais","date":"28 ao\u00fbt 2017","format":false,"excerpt":"Voici une des recettes japonaise tr\u00e8s simple qui fait parti int\u00e9grante de la gastronomie japonaise. Je vais vous donner ma recette qui est tr\u00e8s simple ! A savoir qu'il y a autant de recettes de curry au Japon que de recettes de macaronade dans la r\u00e9gion. Chacun \u00e0 la sienne\u2026","rel":"","context":"Article similaire","img":{"alt_text":"","src":"","width":0,"height":0},"classes":[]},{"id":100,"url":"https:\/\/association-sakura.fr\/?page_id=100","url_meta":{"origin":39,"position":3},"title":"Dorayaki &#8211; \u3069\u3089\u3084\u304d","date":"28 ao\u00fbt 2017","format":false,"excerpt":"Voici la recette d'un des desserts japonais, ce dessert est le pr\u00e9f\u00e9r\u00e9 de Doraemon, le chat bleu dot\u00e9 d'une poche ventrale :-) Les Dorayaki ressemblent \u00e0 2 pancakes fourr\u00e9s \u00e0 la p\u00e2te d'haricots \"Azuki\", tr\u00e8s appr\u00e9ci\u00e9 au Japon, ce dessert, se trouve partout dans les combinis mais aussi dans les\u2026","rel":"","context":"Article similaire","img":{"alt_text":"","src":"","width":0,"height":0},"classes":[]},{"id":2,"url":"https:\/\/association-sakura.fr\/?page_id=2","url_meta":{"origin":39,"position":4},"title":"Cours","date":"11 ao\u00fbt 2016","format":false,"excerpt":"L'association Sakura propose des cours de Japonais (et d'autres activit\u00e9s pendant les vacances scolaires) \u00e0 B\u00e9darieux et \u00e0 P\u00e9zenas Pour nous retrouver \u00e0 B\u00e9darieux, c'est tous les mardis de 17 \u00e0 18h au lyc\u00e9e Ferdinand Fabre\u00a0(maison des lyc\u00e9ens). Et \u00e0 P\u00e9zenas, c'est tous les vendredis de 17 \u00e0 18h (d\u00e9butants)\u2026","rel":"","context":"Article similaire","img":{"alt_text":"","src":"","width":0,"height":0},"classes":[]},{"id":1737,"url":"https:\/\/association-sakura.fr\/?page_id=1737","url_meta":{"origin":39,"position":5},"title":"2020 &#8211; Vernissage exposition Nagare","date":"17 ao\u00fbt 2020","format":false,"excerpt":"Mardi 11 ao\u00fbt l'association \u00e9tait pr\u00e9sente lors du vernissage de de l'exposition NAGARE aux caves Moli\u00e8res. Voici quelques photos prises lors du vernissage en pr\u00e9sence de Monsieur le Consul G\u00e9n\u00e9ral du Japon \u00e0 Marseille.","rel":"","context":"Article similaire","img":{"alt_text":"","src":"https:\/\/i0.wp.com\/association-sakura.fr\/wp-content\/uploads\/2020\/08\/IMG_20200811_185045-scaled.jpg?resize=350%2C200&ssl=1","width":350,"height":200},"classes":[]}],"jetpack_likes_enabled":true,"_links":{"self":[{"href":"https:\/\/association-sakura.fr\/index.php?rest_route=\/wp\/v2\/pages\/39"}],"collection":[{"href":"https:\/\/association-sakura.fr\/index.php?rest_route=\/wp\/v2\/pages"}],"about":[{"href":"https:\/\/association-sakura.fr\/index.php?rest_route=\/wp\/v2\/types\/page"}],"author":[{"embeddable":true,"href":"https:\/\/association-sakura.fr\/index.php?rest_route=\/wp\/v2\/users\/1"}],"replies":[{"embeddable":true,"href":"https:\/\/association-sakura.fr\/index.php?rest_route=%2Fwp%2Fv2%2Fcomments&post=39"}],"version-history":[{"count":1,"href":"https:\/\/association-sakura.fr\/index.php?rest_route=\/wp\/v2\/pages\/39\/revisions"}],"predecessor-version":[{"id":40,"href":"https:\/\/association-sakura.fr\/index.php?rest_route=\/wp\/v2\/pages\/39\/revisions\/40"}],"wp:attachment":[{"href":"https:\/\/association-sakura.fr\/index.php?rest_route=%2Fwp%2Fv2%2Fmedia&parent=39"}],"curies":[{"name":"wp","href":"https:\/\/api.w.org\/{rel}","templated":true}]}}