{"id":30,"date":"2016-08-12T15:02:36","date_gmt":"2016-08-12T14:02:36","guid":{"rendered":"http:\/\/association-sakura.fr\/?page_id=30"},"modified":"2016-11-29T10:11:14","modified_gmt":"2016-11-29T09:11:14","slug":"mentions-legales","status":"publish","type":"page","link":"https:\/\/association-sakura.fr\/?page_id=30","title":{"rendered":"Mentions l\u00e9gales"},"content":{"rendered":"<p>Association Sakura<\/p>\n<ul>\n<li>D\u00e9nomination : Association Sakura<\/li>\n<li>Si\u00e8ge social : 38 Rue Conti 34120 P\u00e9zenas<\/li>\n<li>Num\u00e9ro de t\u00e9l\u00e9phone : 06 17 78 82 64<\/li>\n<li>Nom du responsable de la r\u00e9daction du site : Gwena\u00eblle THOMAS<\/li>\n<li>Structure juridique : Association de loi 1901<\/li>\n<li>Num\u00e9ro RNA :\u00a0W341008072 d\u00e9clar\u00e9e le 3\/10\/2016 \u00e0 la Sous-Pr\u00e9fecture de B\u00e9ziers<\/li>\n<\/ul>\n<p>H\u00e9bergement<\/p>\n<ul>\n<li>Nom de l\u2019h\u00e9bergeur : OVH<\/li>\n<li>Raison sociale : OVH<\/li>\n<li>Adresse\/ 2 rue Kellermann &#8211; 59100 Roubaix &#8211; France.<\/li>\n<li>Num\u00e9ro de t\u00e9l\u00e9phone : 10 07<\/li>\n<\/ul>\n<p>&nbsp;<\/p>\n<div class=\"sharedaddy sd-sharing-enabled\"><div class=\"robots-nocontent sd-block sd-social sd-social-icon sd-sharing\"><h3 class=\"sd-title\">Partager\u00a0:<\/h3><div class=\"sd-content\"><ul><li class=\"share-twitter\"><a rel=\"nofollow noopener noreferrer\" data-shared=\"sharing-twitter-30\" class=\"share-twitter sd-button share-icon no-text\" href=\"https:\/\/association-sakura.fr\/?page_id=30&amp;share=twitter\" target=\"_blank\" title=\"Cliquez pour partager sur Twitter\" ><span><\/span><span class=\"sharing-screen-reader-text\">Cliquez pour partager sur Twitter(ouvre dans une nouvelle fen\u00eatre)<\/span><\/a><\/li><li class=\"share-facebook\"><a rel=\"nofollow noopener noreferrer\" data-shared=\"sharing-facebook-30\" class=\"share-facebook sd-button share-icon no-text\" href=\"https:\/\/association-sakura.fr\/?page_id=30&amp;share=facebook\" target=\"_blank\" title=\"Cliquez pour partager sur Facebook\" ><span><\/span><span class=\"sharing-screen-reader-text\">Cliquez pour partager sur Facebook(ouvre dans une nouvelle fen\u00eatre)<\/span><\/a><\/li><li class=\"share-end\"><\/li><\/ul><\/div><\/div><\/div>","protected":false},"excerpt":{"rendered":"<p>Association Sakura D\u00e9nomination : Association Sakura Si\u00e8ge social : 38 Rue Conti 34120 P\u00e9zenas Num\u00e9ro de t\u00e9l\u00e9phone : 06 17 78 82 64 Nom du responsable de la r\u00e9daction du site : Gwena\u00eblle THOMAS Structure juridique : Association de loi 1901 Num\u00e9ro RNA :\u00a0W341008072 d\u00e9clar\u00e9e le 3\/10\/2016 \u00e0 la Sous-Pr\u00e9fecture de B\u00e9ziers H\u00e9bergement Nom de <a class=\"read-more\" href=\"https:\/\/association-sakura.fr\/?page_id=30\">Read More<\/a><\/p>\n<div class=\"sharedaddy sd-sharing-enabled\"><div class=\"robots-nocontent sd-block sd-social sd-social-icon sd-sharing\"><h3 class=\"sd-title\">Partager\u00a0:<\/h3><div class=\"sd-content\"><ul><li class=\"share-twitter\"><a rel=\"nofollow noopener noreferrer\" data-shared=\"sharing-twitter-30\" class=\"share-twitter sd-button share-icon no-text\" href=\"https:\/\/association-sakura.fr\/?page_id=30&amp;share=twitter\" target=\"_blank\" title=\"Cliquez pour partager sur Twitter\" ><span><\/span><span class=\"sharing-screen-reader-text\">Cliquez pour partager sur Twitter(ouvre dans une nouvelle fen\u00eatre)<\/span><\/a><\/li><li class=\"share-facebook\"><a rel=\"nofollow noopener noreferrer\" data-shared=\"sharing-facebook-30\" class=\"share-facebook sd-button share-icon no-text\" href=\"https:\/\/association-sakura.fr\/?page_id=30&amp;share=facebook\" target=\"_blank\" title=\"Cliquez pour partager sur Facebook\" ><span><\/span><span class=\"sharing-screen-reader-text\">Cliquez pour partager sur Facebook(ouvre dans une nouvelle fen\u00eatre)<\/span><\/a><\/li><li class=\"share-end\"><\/li><\/ul><\/div><\/div><\/div>","protected":false},"author":1,"featured_media":0,"parent":39,"menu_order":0,"comment_status":"closed","ping_status":"closed","template":"","meta":{"jetpack_post_was_ever_published":false},"jetpack_sharing_enabled":true,"jetpack_shortlink":"https:\/\/wp.me\/P7NwjI-u","jetpack-related-posts":[{"id":12,"url":"https:\/\/association-sakura.fr\/?page_id=12","url_meta":{"origin":30,"position":0},"title":"Ev\u00e8nements","date":"11 ao\u00fbt 2016","format":false,"excerpt":"L'association Sakura proposera des \u00e9v\u00e8nement en lien avec le Japon. Voici quelques exemples d'\u00e9v\u00e8nements : Hanami Tanabata Tsukimi Etc... \u00a0 \u00a0","rel":"","context":"Article similaire","img":{"alt_text":"","src":"","width":0,"height":0},"classes":[]},{"id":39,"url":"https:\/\/association-sakura.fr\/?page_id=39","url_meta":{"origin":30,"position":1},"title":"Qui sommes nous ?","date":"12 ao\u00fbt 2016","format":false,"excerpt":"L'association Sakura est n\u00e9e \u00e0 l'initiative de passionn\u00e9s du Japon. Elle a \u00e9t\u00e9 cr\u00e9\u00e9e dans le but de faire d\u00e9couvrir les multiples facettes du pays, que ce soit \u00e0 travers, l'apprentissage de la langue japonaise, sa cuisine, ses \u00e9v\u00e8nements au fil des saisons, etc... Nous serons ravis de vous faire\u2026","rel":"","context":"Article similaire","img":{"alt_text":"","src":"","width":0,"height":0},"classes":[]},{"id":2,"url":"https:\/\/association-sakura.fr\/?page_id=2","url_meta":{"origin":30,"position":2},"title":"Cours","date":"11 ao\u00fbt 2016","format":false,"excerpt":"L'association Sakura propose des cours de Japonais (et d'autres activit\u00e9s pendant les vacances scolaires) \u00e0 B\u00e9darieux et \u00e0 P\u00e9zenas Pour nous retrouver \u00e0 B\u00e9darieux, c'est tous les mardis de 17 \u00e0 18h au lyc\u00e9e Ferdinand Fabre\u00a0(maison des lyc\u00e9ens). Et \u00e0 P\u00e9zenas, c'est tous les vendredis de 17 \u00e0 18h (d\u00e9butants)\u2026","rel":"","context":"Article similaire","img":{"alt_text":"","src":"","width":0,"height":0},"classes":[]},{"id":16,"url":"https:\/\/association-sakura.fr\/?page_id=16","url_meta":{"origin":30,"position":3},"title":"Contact","date":"11 ao\u00fbt 2016","format":false,"excerpt":"","rel":"","context":"Article similaire","img":{"alt_text":"","src":"","width":0,"height":0},"classes":[]},{"id":96,"url":"https:\/\/association-sakura.fr\/?page_id=96","url_meta":{"origin":30,"position":4},"title":"Recettes","date":"28 ao\u00fbt 2017","format":false,"excerpt":"Voici quelques id\u00e9es de recettes japonaise","rel":"","context":"Article similaire","img":{"alt_text":"","src":"","width":0,"height":0},"classes":[]},{"id":92,"url":"https:\/\/association-sakura.fr\/?page_id=92","url_meta":{"origin":30,"position":5},"title":"2017 &#8211; Journ\u00e9e des associations \u00e0 P\u00e9zenas","date":"24 ao\u00fbt 2017","format":false,"excerpt":"Retrouvez nous au Forum des Loisirs le 9 septembre 2017 de 9h \u00e0 13h au Parc sans Soucis de P\u00e9zenas !","rel":"","context":"Article similaire","img":{"alt_text":"","src":"https:\/\/i0.wp.com\/association-sakura.fr\/wp-content\/uploads\/2017\/08\/P_20170909_082820-e1505117856565.jpg?resize=350%2C200","width":350,"height":200},"classes":[]}],"jetpack_likes_enabled":true,"_links":{"self":[{"href":"https:\/\/association-sakura.fr\/index.php?rest_route=\/wp\/v2\/pages\/30"}],"collection":[{"href":"https:\/\/association-sakura.fr\/index.php?rest_route=\/wp\/v2\/pages"}],"about":[{"href":"https:\/\/association-sakura.fr\/index.php?rest_route=\/wp\/v2\/types\/page"}],"author":[{"embeddable":true,"href":"https:\/\/association-sakura.fr\/index.php?rest_route=\/wp\/v2\/users\/1"}],"replies":[{"embeddable":true,"href":"https:\/\/association-sakura.fr\/index.php?rest_route=%2Fwp%2Fv2%2Fcomments&post=30"}],"version-history":[{"count":3,"href":"https:\/\/association-sakura.fr\/index.php?rest_route=\/wp\/v2\/pages\/30\/revisions"}],"predecessor-version":[{"id":79,"href":"https:\/\/association-sakura.fr\/index.php?rest_route=\/wp\/v2\/pages\/30\/revisions\/79"}],"up":[{"embeddable":true,"href":"https:\/\/association-sakura.fr\/index.php?rest_route=\/wp\/v2\/pages\/39"}],"wp:attachment":[{"href":"https:\/\/association-sakura.fr\/index.php?rest_route=%2Fwp%2Fv2%2Fmedia&parent=30"}],"curies":[{"name":"wp","href":"https:\/\/api.w.org\/{rel}","templated":true}]}}