{"id":1737,"date":"2020-08-17T09:33:22","date_gmt":"2020-08-17T08:33:22","guid":{"rendered":"http:\/\/association-sakura.fr\/?page_id=1737"},"modified":"2020-08-17T09:33:22","modified_gmt":"2020-08-17T08:33:22","slug":"2020-vernissage-exposition-nagare","status":"publish","type":"page","link":"https:\/\/association-sakura.fr\/?page_id=1737","title":{"rendered":"2020 &#8211; Vernissage exposition Nagare"},"content":{"rendered":"\n<p>Mardi 11 ao\u00fbt l&rsquo;association \u00e9tait pr\u00e9sente lors du vernissage de de l&rsquo;exposition NAGARE aux caves Moli\u00e8res.<\/p>\n\n\n\n<figure class=\"wp-block-image size-large\"><img data-attachment-id=\"1738\" data-permalink=\"https:\/\/association-sakura.fr\/?attachment_id=1738\" data-orig-file=\"https:\/\/i0.wp.com\/association-sakura.fr\/wp-content\/uploads\/2020\/08\/Screenshot-2020-08-17-at-09.29.20.png?fit=397%2C560&amp;ssl=1\" data-orig-size=\"397,560\" data-comments-opened=\"1\" data-image-meta=\"{&quot;aperture&quot;:&quot;0&quot;,&quot;credit&quot;:&quot;&quot;,&quot;camera&quot;:&quot;&quot;,&quot;caption&quot;:&quot;&quot;,&quot;created_timestamp&quot;:&quot;0&quot;,&quot;copyright&quot;:&quot;&quot;,&quot;focal_length&quot;:&quot;0&quot;,&quot;iso&quot;:&quot;0&quot;,&quot;shutter_speed&quot;:&quot;0&quot;,&quot;title&quot;:&quot;&quot;,&quot;orientation&quot;:&quot;0&quot;}\" data-image-title=\"Screenshot-2020-08-17-at-09.29.20\" data-image-description=\"\" data-image-caption=\"\" data-medium-file=\"https:\/\/i0.wp.com\/association-sakura.fr\/wp-content\/uploads\/2020\/08\/Screenshot-2020-08-17-at-09.29.20.png?fit=213%2C300&amp;ssl=1\" data-large-file=\"https:\/\/i0.wp.com\/association-sakura.fr\/wp-content\/uploads\/2020\/08\/Screenshot-2020-08-17-at-09.29.20.png?fit=397%2C560&amp;ssl=1\" decoding=\"async\" loading=\"lazy\" width=\"397\" height=\"560\" src=\"https:\/\/i0.wp.com\/association-sakura.fr\/wp-content\/uploads\/2020\/08\/Screenshot-2020-08-17-at-09.29.20.png?resize=397%2C560&#038;ssl=1\" alt=\"\" class=\"wp-image-1738\" srcset=\"https:\/\/i0.wp.com\/association-sakura.fr\/wp-content\/uploads\/2020\/08\/Screenshot-2020-08-17-at-09.29.20.png?w=397&amp;ssl=1 397w, https:\/\/i0.wp.com\/association-sakura.fr\/wp-content\/uploads\/2020\/08\/Screenshot-2020-08-17-at-09.29.20.png?resize=213%2C300&amp;ssl=1 213w\" sizes=\"(max-width: 397px) 100vw, 397px\" data-recalc-dims=\"1\" \/><\/figure>\n\n\n\n<p>Voici quelques photos prises lors du vernissage en pr\u00e9sence de Monsieur le Consul G\u00e9n\u00e9ral du Japon \u00e0 Marseille. <\/p>\n\n\n\n<figure class=\"wp-block-image size-large\"><img data-attachment-id=\"1810\" data-permalink=\"https:\/\/association-sakura.fr\/?attachment_id=1810\" data-orig-file=\"https:\/\/i0.wp.com\/association-sakura.fr\/wp-content\/uploads\/2020\/08\/IMG_20200811_185658-scaled.jpg?fit=2560%2C1920&amp;ssl=1\" data-orig-size=\"2560,1920\" data-comments-opened=\"1\" data-image-meta=\"{&quot;aperture&quot;:&quot;2.2&quot;,&quot;credit&quot;:&quot;&quot;,&quot;camera&quot;:&quot;ASUS_X00TD&quot;,&quot;caption&quot;:&quot;&quot;,&quot;created_timestamp&quot;:&quot;1597172219&quot;,&quot;copyright&quot;:&quot;&quot;,&quot;focal_length&quot;:&quot;3.37&quot;,&quot;iso&quot;:&quot;294&quot;,&quot;shutter_speed&quot;:&quot;0.03030303030303&quot;,&quot;title&quot;:&quot;&quot;,&quot;orientation&quot;:&quot;1&quot;}\" data-image-title=\"IMG_20200811_185658\" data-image-description=\"\" data-image-caption=\"\" data-medium-file=\"https:\/\/i0.wp.com\/association-sakura.fr\/wp-content\/uploads\/2020\/08\/IMG_20200811_185658-scaled.jpg?fit=300%2C225&amp;ssl=1\" data-large-file=\"https:\/\/i0.wp.com\/association-sakura.fr\/wp-content\/uploads\/2020\/08\/IMG_20200811_185658-scaled.jpg?fit=800%2C600&amp;ssl=1\" decoding=\"async\" loading=\"lazy\" width=\"800\" height=\"600\" src=\"https:\/\/i0.wp.com\/association-sakura.fr\/wp-content\/uploads\/2020\/08\/IMG_20200811_185658.jpg?resize=800%2C600&#038;ssl=1\" alt=\"\" class=\"wp-image-1810\" srcset=\"https:\/\/i0.wp.com\/association-sakura.fr\/wp-content\/uploads\/2020\/08\/IMG_20200811_185658-scaled.jpg?resize=1024%2C768&amp;ssl=1 1024w, https:\/\/i0.wp.com\/association-sakura.fr\/wp-content\/uploads\/2020\/08\/IMG_20200811_185658-scaled.jpg?resize=300%2C225&amp;ssl=1 300w, https:\/\/i0.wp.com\/association-sakura.fr\/wp-content\/uploads\/2020\/08\/IMG_20200811_185658-scaled.jpg?resize=768%2C576&amp;ssl=1 768w, https:\/\/i0.wp.com\/association-sakura.fr\/wp-content\/uploads\/2020\/08\/IMG_20200811_185658-scaled.jpg?resize=1536%2C1152&amp;ssl=1 1536w, https:\/\/i0.wp.com\/association-sakura.fr\/wp-content\/uploads\/2020\/08\/IMG_20200811_185658-scaled.jpg?resize=2048%2C1536&amp;ssl=1 2048w, https:\/\/i0.wp.com\/association-sakura.fr\/wp-content\/uploads\/2020\/08\/IMG_20200811_185658-scaled.jpg?w=1600&amp;ssl=1 1600w, https:\/\/i0.wp.com\/association-sakura.fr\/wp-content\/uploads\/2020\/08\/IMG_20200811_185658-scaled.jpg?w=2400&amp;ssl=1 2400w\" sizes=\"(max-width: 800px) 100vw, 800px\" data-recalc-dims=\"1\" \/><\/figure>\n\n\n\n<figure data-carousel-extra='{\"blog_id\":1,\"permalink\":\"https:\\\/\\\/association-sakura.fr\\\/?page_id=1737\"}'  class=\"is-layout-flex wp-block-gallery-1 wp-block-gallery columns-3 is-cropped\"><ul class=\"blocks-gallery-grid\"><li class=\"blocks-gallery-item\"><figure><img data-attachment-id=\"1747\" data-permalink=\"https:\/\/association-sakura.fr\/?attachment_id=1747\" data-orig-file=\"https:\/\/i0.wp.com\/association-sakura.fr\/wp-content\/uploads\/2020\/08\/IMG_20200811_185045-scaled.jpg?fit=1920%2C2560&amp;ssl=1\" data-orig-size=\"1920,2560\" data-comments-opened=\"1\" data-image-meta=\"{&quot;aperture&quot;:&quot;2.2&quot;,&quot;credit&quot;:&quot;&quot;,&quot;camera&quot;:&quot;ASUS_X00TD&quot;,&quot;caption&quot;:&quot;&quot;,&quot;created_timestamp&quot;:&quot;1597171845&quot;,&quot;copyright&quot;:&quot;&quot;,&quot;focal_length&quot;:&quot;3.37&quot;,&quot;iso&quot;:&quot;375&quot;,&quot;shutter_speed&quot;:&quot;0.04&quot;,&quot;title&quot;:&quot;&quot;,&quot;orientation&quot;:&quot;1&quot;}\" data-image-title=\"IMG_20200811_185045\" data-image-description=\"\" data-image-caption=\"\" data-medium-file=\"https:\/\/i0.wp.com\/association-sakura.fr\/wp-content\/uploads\/2020\/08\/IMG_20200811_185045-scaled.jpg?fit=225%2C300&amp;ssl=1\" data-large-file=\"https:\/\/i0.wp.com\/association-sakura.fr\/wp-content\/uploads\/2020\/08\/IMG_20200811_185045-scaled.jpg?fit=768%2C1024&amp;ssl=1\" decoding=\"async\" loading=\"lazy\" width=\"768\" height=\"1024\" src=\"https:\/\/i0.wp.com\/association-sakura.fr\/wp-content\/uploads\/2020\/08\/IMG_20200811_185045.jpg?resize=768%2C1024&#038;ssl=1\" alt=\"\" data-id=\"1747\" data-full-url=\"https:\/\/association-sakura.fr\/wp-content\/uploads\/2020\/08\/IMG_20200811_185045-scaled.jpg\" data-link=\"https:\/\/association-sakura.fr\/?attachment_id=1747\" class=\"wp-image-1747\" srcset=\"https:\/\/i0.wp.com\/association-sakura.fr\/wp-content\/uploads\/2020\/08\/IMG_20200811_185045-scaled.jpg?resize=768%2C1024&amp;ssl=1 768w, https:\/\/i0.wp.com\/association-sakura.fr\/wp-content\/uploads\/2020\/08\/IMG_20200811_185045-scaled.jpg?resize=225%2C300&amp;ssl=1 225w, https:\/\/i0.wp.com\/association-sakura.fr\/wp-content\/uploads\/2020\/08\/IMG_20200811_185045-scaled.jpg?resize=1152%2C1536&amp;ssl=1 1152w, https:\/\/i0.wp.com\/association-sakura.fr\/wp-content\/uploads\/2020\/08\/IMG_20200811_185045-scaled.jpg?resize=1536%2C2048&amp;ssl=1 1536w, https:\/\/i0.wp.com\/association-sakura.fr\/wp-content\/uploads\/2020\/08\/IMG_20200811_185045-scaled.jpg?w=1920&amp;ssl=1 1920w, https:\/\/i0.wp.com\/association-sakura.fr\/wp-content\/uploads\/2020\/08\/IMG_20200811_185045-scaled.jpg?w=1600&amp;ssl=1 1600w\" sizes=\"(max-width: 768px) 100vw, 768px\" data-recalc-dims=\"1\" \/><\/figure><\/li><li class=\"blocks-gallery-item\"><figure><img data-attachment-id=\"1754\" data-permalink=\"https:\/\/association-sakura.fr\/?attachment_id=1754\" data-orig-file=\"https:\/\/i0.wp.com\/association-sakura.fr\/wp-content\/uploads\/2020\/08\/IMG_20200811_182830-scaled.jpg?fit=2560%2C1920&amp;ssl=1\" data-orig-size=\"2560,1920\" data-comments-opened=\"1\" data-image-meta=\"{&quot;aperture&quot;:&quot;2.2&quot;,&quot;credit&quot;:&quot;&quot;,&quot;camera&quot;:&quot;ASUS_X00TD&quot;,&quot;caption&quot;:&quot;&quot;,&quot;created_timestamp&quot;:&quot;1597170511&quot;,&quot;copyright&quot;:&quot;&quot;,&quot;focal_length&quot;:&quot;3.37&quot;,&quot;iso&quot;:&quot;225&quot;,&quot;shutter_speed&quot;:&quot;0.03030303030303&quot;,&quot;title&quot;:&quot;&quot;,&quot;orientation&quot;:&quot;1&quot;}\" data-image-title=\"IMG_20200811_182830\" data-image-description=\"\" data-image-caption=\"\" data-medium-file=\"https:\/\/i0.wp.com\/association-sakura.fr\/wp-content\/uploads\/2020\/08\/IMG_20200811_182830-scaled.jpg?fit=300%2C225&amp;ssl=1\" data-large-file=\"https:\/\/i0.wp.com\/association-sakura.fr\/wp-content\/uploads\/2020\/08\/IMG_20200811_182830-scaled.jpg?fit=800%2C600&amp;ssl=1\" decoding=\"async\" loading=\"lazy\" width=\"800\" height=\"600\" src=\"https:\/\/i0.wp.com\/association-sakura.fr\/wp-content\/uploads\/2020\/08\/IMG_20200811_182830.jpg?resize=800%2C600&#038;ssl=1\" alt=\"\" data-id=\"1754\" data-full-url=\"https:\/\/association-sakura.fr\/wp-content\/uploads\/2020\/08\/IMG_20200811_182830-scaled.jpg\" data-link=\"https:\/\/association-sakura.fr\/?attachment_id=1754\" class=\"wp-image-1754\" srcset=\"https:\/\/i0.wp.com\/association-sakura.fr\/wp-content\/uploads\/2020\/08\/IMG_20200811_182830-scaled.jpg?resize=1024%2C768&amp;ssl=1 1024w, https:\/\/i0.wp.com\/association-sakura.fr\/wp-content\/uploads\/2020\/08\/IMG_20200811_182830-scaled.jpg?resize=300%2C225&amp;ssl=1 300w, https:\/\/i0.wp.com\/association-sakura.fr\/wp-content\/uploads\/2020\/08\/IMG_20200811_182830-scaled.jpg?resize=768%2C576&amp;ssl=1 768w, https:\/\/i0.wp.com\/association-sakura.fr\/wp-content\/uploads\/2020\/08\/IMG_20200811_182830-scaled.jpg?resize=1536%2C1152&amp;ssl=1 1536w, https:\/\/i0.wp.com\/association-sakura.fr\/wp-content\/uploads\/2020\/08\/IMG_20200811_182830-scaled.jpg?resize=2048%2C1536&amp;ssl=1 2048w, https:\/\/i0.wp.com\/association-sakura.fr\/wp-content\/uploads\/2020\/08\/IMG_20200811_182830-scaled.jpg?w=1600&amp;ssl=1 1600w, https:\/\/i0.wp.com\/association-sakura.fr\/wp-content\/uploads\/2020\/08\/IMG_20200811_182830-scaled.jpg?w=2400&amp;ssl=1 2400w\" sizes=\"(max-width: 800px) 100vw, 800px\" data-recalc-dims=\"1\" \/><\/figure><\/li><li class=\"blocks-gallery-item\"><figure><img data-attachment-id=\"1758\" data-permalink=\"https:\/\/association-sakura.fr\/?attachment_id=1758\" data-orig-file=\"https:\/\/i0.wp.com\/association-sakura.fr\/wp-content\/uploads\/2020\/08\/IMG_20200811_182828-scaled.jpg?fit=2560%2C1920&amp;ssl=1\" data-orig-size=\"2560,1920\" data-comments-opened=\"1\" data-image-meta=\"{&quot;aperture&quot;:&quot;2.2&quot;,&quot;credit&quot;:&quot;&quot;,&quot;camera&quot;:&quot;ASUS_X00TD&quot;,&quot;caption&quot;:&quot;&quot;,&quot;created_timestamp&quot;:&quot;1597170508&quot;,&quot;copyright&quot;:&quot;&quot;,&quot;focal_length&quot;:&quot;3.37&quot;,&quot;iso&quot;:&quot;408&quot;,&quot;shutter_speed&quot;:&quot;0.03030303030303&quot;,&quot;title&quot;:&quot;&quot;,&quot;orientation&quot;:&quot;1&quot;}\" data-image-title=\"IMG_20200811_182828\" data-image-description=\"\" data-image-caption=\"\" data-medium-file=\"https:\/\/i0.wp.com\/association-sakura.fr\/wp-content\/uploads\/2020\/08\/IMG_20200811_182828-scaled.jpg?fit=300%2C225&amp;ssl=1\" data-large-file=\"https:\/\/i0.wp.com\/association-sakura.fr\/wp-content\/uploads\/2020\/08\/IMG_20200811_182828-scaled.jpg?fit=800%2C600&amp;ssl=1\" decoding=\"async\" loading=\"lazy\" width=\"800\" height=\"600\" src=\"https:\/\/i0.wp.com\/association-sakura.fr\/wp-content\/uploads\/2020\/08\/IMG_20200811_182828.jpg?resize=800%2C600&#038;ssl=1\" alt=\"\" data-id=\"1758\" data-full-url=\"https:\/\/association-sakura.fr\/wp-content\/uploads\/2020\/08\/IMG_20200811_182828-scaled.jpg\" data-link=\"https:\/\/association-sakura.fr\/?attachment_id=1758\" class=\"wp-image-1758\" srcset=\"https:\/\/i0.wp.com\/association-sakura.fr\/wp-content\/uploads\/2020\/08\/IMG_20200811_182828-scaled.jpg?resize=1024%2C768&amp;ssl=1 1024w, https:\/\/i0.wp.com\/association-sakura.fr\/wp-content\/uploads\/2020\/08\/IMG_20200811_182828-scaled.jpg?resize=300%2C225&amp;ssl=1 300w, https:\/\/i0.wp.com\/association-sakura.fr\/wp-content\/uploads\/2020\/08\/IMG_20200811_182828-scaled.jpg?resize=768%2C576&amp;ssl=1 768w, https:\/\/i0.wp.com\/association-sakura.fr\/wp-content\/uploads\/2020\/08\/IMG_20200811_182828-scaled.jpg?resize=1536%2C1152&amp;ssl=1 1536w, https:\/\/i0.wp.com\/association-sakura.fr\/wp-content\/uploads\/2020\/08\/IMG_20200811_182828-scaled.jpg?resize=2048%2C1536&amp;ssl=1 2048w, https:\/\/i0.wp.com\/association-sakura.fr\/wp-content\/uploads\/2020\/08\/IMG_20200811_182828-scaled.jpg?w=1600&amp;ssl=1 1600w, https:\/\/i0.wp.com\/association-sakura.fr\/wp-content\/uploads\/2020\/08\/IMG_20200811_182828-scaled.jpg?w=2400&amp;ssl=1 2400w\" sizes=\"(max-width: 800px) 100vw, 800px\" data-recalc-dims=\"1\" \/><\/figure><\/li><li class=\"blocks-gallery-item\"><figure><img data-attachment-id=\"1763\" data-permalink=\"https:\/\/association-sakura.fr\/?attachment_id=1763\" data-orig-file=\"https:\/\/i0.wp.com\/association-sakura.fr\/wp-content\/uploads\/2020\/08\/IMG_20200811_183532-scaled.jpg?fit=2560%2C1920&amp;ssl=1\" data-orig-size=\"2560,1920\" data-comments-opened=\"1\" data-image-meta=\"{&quot;aperture&quot;:&quot;2.2&quot;,&quot;credit&quot;:&quot;&quot;,&quot;camera&quot;:&quot;ASUS_X00TD&quot;,&quot;caption&quot;:&quot;&quot;,&quot;created_timestamp&quot;:&quot;1597170932&quot;,&quot;copyright&quot;:&quot;&quot;,&quot;focal_length&quot;:&quot;3.37&quot;,&quot;iso&quot;:&quot;435&quot;,&quot;shutter_speed&quot;:&quot;0.04&quot;,&quot;title&quot;:&quot;&quot;,&quot;orientation&quot;:&quot;1&quot;}\" data-image-title=\"IMG_20200811_183532\" data-image-description=\"\" data-image-caption=\"\" data-medium-file=\"https:\/\/i0.wp.com\/association-sakura.fr\/wp-content\/uploads\/2020\/08\/IMG_20200811_183532-scaled.jpg?fit=300%2C225&amp;ssl=1\" data-large-file=\"https:\/\/i0.wp.com\/association-sakura.fr\/wp-content\/uploads\/2020\/08\/IMG_20200811_183532-scaled.jpg?fit=800%2C600&amp;ssl=1\" decoding=\"async\" loading=\"lazy\" width=\"800\" height=\"600\" src=\"https:\/\/i0.wp.com\/association-sakura.fr\/wp-content\/uploads\/2020\/08\/IMG_20200811_183532.jpg?resize=800%2C600&#038;ssl=1\" alt=\"\" data-id=\"1763\" data-full-url=\"https:\/\/association-sakura.fr\/wp-content\/uploads\/2020\/08\/IMG_20200811_183532-scaled.jpg\" data-link=\"https:\/\/association-sakura.fr\/?attachment_id=1763\" class=\"wp-image-1763\" srcset=\"https:\/\/i0.wp.com\/association-sakura.fr\/wp-content\/uploads\/2020\/08\/IMG_20200811_183532-scaled.jpg?resize=1024%2C768&amp;ssl=1 1024w, https:\/\/i0.wp.com\/association-sakura.fr\/wp-content\/uploads\/2020\/08\/IMG_20200811_183532-scaled.jpg?resize=300%2C225&amp;ssl=1 300w, https:\/\/i0.wp.com\/association-sakura.fr\/wp-content\/uploads\/2020\/08\/IMG_20200811_183532-scaled.jpg?resize=768%2C576&amp;ssl=1 768w, https:\/\/i0.wp.com\/association-sakura.fr\/wp-content\/uploads\/2020\/08\/IMG_20200811_183532-scaled.jpg?resize=1536%2C1152&amp;ssl=1 1536w, https:\/\/i0.wp.com\/association-sakura.fr\/wp-content\/uploads\/2020\/08\/IMG_20200811_183532-scaled.jpg?resize=2048%2C1536&amp;ssl=1 2048w, https:\/\/i0.wp.com\/association-sakura.fr\/wp-content\/uploads\/2020\/08\/IMG_20200811_183532-scaled.jpg?w=1600&amp;ssl=1 1600w, https:\/\/i0.wp.com\/association-sakura.fr\/wp-content\/uploads\/2020\/08\/IMG_20200811_183532-scaled.jpg?w=2400&amp;ssl=1 2400w\" sizes=\"(max-width: 800px) 100vw, 800px\" data-recalc-dims=\"1\" \/><\/figure><\/li><li class=\"blocks-gallery-item\"><figure><img data-attachment-id=\"1766\" data-permalink=\"https:\/\/association-sakura.fr\/?attachment_id=1766\" data-orig-file=\"https:\/\/i0.wp.com\/association-sakura.fr\/wp-content\/uploads\/2020\/08\/IMG_20200811_182837-scaled.jpg?fit=2560%2C1920&amp;ssl=1\" data-orig-size=\"2560,1920\" data-comments-opened=\"1\" data-image-meta=\"{&quot;aperture&quot;:&quot;2.2&quot;,&quot;credit&quot;:&quot;&quot;,&quot;camera&quot;:&quot;ASUS_X00TD&quot;,&quot;caption&quot;:&quot;&quot;,&quot;created_timestamp&quot;:&quot;1597170517&quot;,&quot;copyright&quot;:&quot;&quot;,&quot;focal_length&quot;:&quot;3.37&quot;,&quot;iso&quot;:&quot;364&quot;,&quot;shutter_speed&quot;:&quot;0.04&quot;,&quot;title&quot;:&quot;&quot;,&quot;orientation&quot;:&quot;1&quot;}\" data-image-title=\"IMG_20200811_182837\" data-image-description=\"\" data-image-caption=\"\" data-medium-file=\"https:\/\/i0.wp.com\/association-sakura.fr\/wp-content\/uploads\/2020\/08\/IMG_20200811_182837-scaled.jpg?fit=300%2C225&amp;ssl=1\" data-large-file=\"https:\/\/i0.wp.com\/association-sakura.fr\/wp-content\/uploads\/2020\/08\/IMG_20200811_182837-scaled.jpg?fit=800%2C600&amp;ssl=1\" decoding=\"async\" loading=\"lazy\" width=\"800\" height=\"600\" src=\"https:\/\/i0.wp.com\/association-sakura.fr\/wp-content\/uploads\/2020\/08\/IMG_20200811_182837.jpg?resize=800%2C600&#038;ssl=1\" alt=\"\" data-id=\"1766\" data-full-url=\"https:\/\/association-sakura.fr\/wp-content\/uploads\/2020\/08\/IMG_20200811_182837-scaled.jpg\" data-link=\"https:\/\/association-sakura.fr\/?attachment_id=1766\" class=\"wp-image-1766\" srcset=\"https:\/\/i0.wp.com\/association-sakura.fr\/wp-content\/uploads\/2020\/08\/IMG_20200811_182837-scaled.jpg?resize=1024%2C768&amp;ssl=1 1024w, https:\/\/i0.wp.com\/association-sakura.fr\/wp-content\/uploads\/2020\/08\/IMG_20200811_182837-scaled.jpg?resize=300%2C225&amp;ssl=1 300w, https:\/\/i0.wp.com\/association-sakura.fr\/wp-content\/uploads\/2020\/08\/IMG_20200811_182837-scaled.jpg?resize=768%2C576&amp;ssl=1 768w, https:\/\/i0.wp.com\/association-sakura.fr\/wp-content\/uploads\/2020\/08\/IMG_20200811_182837-scaled.jpg?resize=1536%2C1152&amp;ssl=1 1536w, https:\/\/i0.wp.com\/association-sakura.fr\/wp-content\/uploads\/2020\/08\/IMG_20200811_182837-scaled.jpg?resize=2048%2C1536&amp;ssl=1 2048w, https:\/\/i0.wp.com\/association-sakura.fr\/wp-content\/uploads\/2020\/08\/IMG_20200811_182837-scaled.jpg?w=1600&amp;ssl=1 1600w, https:\/\/i0.wp.com\/association-sakura.fr\/wp-content\/uploads\/2020\/08\/IMG_20200811_182837-scaled.jpg?w=2400&amp;ssl=1 2400w\" sizes=\"(max-width: 800px) 100vw, 800px\" data-recalc-dims=\"1\" \/><\/figure><\/li><\/ul><\/figure>\n\n\n\n<p><\/p>\n<div class=\"sharedaddy sd-sharing-enabled\"><div class=\"robots-nocontent sd-block sd-social sd-social-icon sd-sharing\"><h3 class=\"sd-title\">Partager\u00a0:<\/h3><div class=\"sd-content\"><ul><li class=\"share-twitter\"><a rel=\"nofollow noopener noreferrer\" data-shared=\"sharing-twitter-1737\" class=\"share-twitter sd-button share-icon no-text\" href=\"https:\/\/association-sakura.fr\/?page_id=1737&amp;share=twitter\" target=\"_blank\" title=\"Cliquez pour partager sur Twitter\" ><span><\/span><span class=\"sharing-screen-reader-text\">Cliquez pour partager sur Twitter(ouvre dans une nouvelle fen\u00eatre)<\/span><\/a><\/li><li class=\"share-facebook\"><a rel=\"nofollow noopener noreferrer\" data-shared=\"sharing-facebook-1737\" class=\"share-facebook sd-button share-icon no-text\" href=\"https:\/\/association-sakura.fr\/?page_id=1737&amp;share=facebook\" target=\"_blank\" title=\"Cliquez pour partager sur Facebook\" ><span><\/span><span class=\"sharing-screen-reader-text\">Cliquez pour partager sur Facebook(ouvre dans une nouvelle fen\u00eatre)<\/span><\/a><\/li><li class=\"share-end\"><\/li><\/ul><\/div><\/div><\/div>","protected":false},"excerpt":{"rendered":"<p>Mardi 11 ao\u00fbt l&rsquo;association \u00e9tait pr\u00e9sente lors du vernissage de de l&rsquo;exposition NAGARE aux caves Moli\u00e8res. Voici quelques photos prises lors du vernissage en pr\u00e9sence de Monsieur le Consul G\u00e9n\u00e9ral du Japon \u00e0 Marseille.<\/p>\n<div class=\"sharedaddy sd-sharing-enabled\"><div class=\"robots-nocontent sd-block sd-social sd-social-icon sd-sharing\"><h3 class=\"sd-title\">Partager\u00a0:<\/h3><div class=\"sd-content\"><ul><li class=\"share-twitter\"><a rel=\"nofollow noopener noreferrer\" data-shared=\"sharing-twitter-1737\" class=\"share-twitter sd-button share-icon no-text\" href=\"https:\/\/association-sakura.fr\/?page_id=1737&amp;share=twitter\" target=\"_blank\" title=\"Cliquez pour partager sur Twitter\" ><span><\/span><span class=\"sharing-screen-reader-text\">Cliquez pour partager sur Twitter(ouvre dans une nouvelle fen\u00eatre)<\/span><\/a><\/li><li class=\"share-facebook\"><a rel=\"nofollow noopener noreferrer\" data-shared=\"sharing-facebook-1737\" class=\"share-facebook sd-button share-icon no-text\" href=\"https:\/\/association-sakura.fr\/?page_id=1737&amp;share=facebook\" target=\"_blank\" title=\"Cliquez pour partager sur Facebook\" ><span><\/span><span class=\"sharing-screen-reader-text\">Cliquez pour partager sur Facebook(ouvre dans une nouvelle fen\u00eatre)<\/span><\/a><\/li><li class=\"share-end\"><\/li><\/ul><\/div><\/div><\/div>","protected":false},"author":1,"featured_media":0,"parent":12,"menu_order":5,"comment_status":"closed","ping_status":"closed","template":"","meta":{"jetpack_post_was_ever_published":false},"jetpack_sharing_enabled":true,"jetpack_shortlink":"https:\/\/wp.me\/P7NwjI-s1","jetpack-related-posts":[{"id":1739,"url":"https:\/\/association-sakura.fr\/?page_id=1739","url_meta":{"origin":1737,"position":0},"title":"2018 &#8211; Vernissage exposition Ukiyo-e P\u00e9zenas","date":"17 ao\u00fbt 2020","format":false,"excerpt":"Merci \u00e0 la m\u00e9diath\u00e8que de nous avoir fait confiance pour cette manifestation et pour avoir pris les photos :-)","rel":"","context":"Article similaire","img":{"alt_text":"","src":"https:\/\/i0.wp.com\/association-sakura.fr\/wp-content\/uploads\/2020\/08\/2018-Exposition-Ukiyo-e-15.jpg?resize=350%2C200&ssl=1","width":350,"height":200},"classes":[]},{"id":1746,"url":"https:\/\/association-sakura.fr\/?page_id=1746","url_meta":{"origin":1737,"position":1},"title":"2019 &#8211; Vernissage exposition Ukiyo-e Cazouls d&rsquo;H\u00e9rault","date":"17 ao\u00fbt 2020","format":false,"excerpt":"Merci \u00e0 la m\u00e9diath\u00e8que de Cazouls d'H\u00e9rault de nous avoir fait confiance","rel":"","context":"Article similaire","img":{"alt_text":"","src":"https:\/\/i0.wp.com\/association-sakura.fr\/wp-content\/uploads\/2020\/08\/P_20190906_183952-scaled.jpg?resize=350%2C200&ssl=1","width":350,"height":200},"classes":[]},{"id":58,"url":"https:\/\/association-sakura.fr\/?page_id=58","url_meta":{"origin":1737,"position":2},"title":"Langue Japonaise \u65e5\u672c\u8a9e","date":"18 ao\u00fbt 2016","format":false,"excerpt":"La langue japonaise, c'est une langue qui est \u00e9loign\u00e9 du fran\u00e7ais, mais tout aussi po\u00e9tique ! A savoir que la langue japonaise \u00e0 4 \u00e9critures :\u00a0 Hiragana Katakana Kanji Furigana Dans un premier lieu, lors de cours, les hiraganas et katakana (ordinairement dit les \"kanas\") sont appris afin d'utiliser ensuite\u2026","rel":"","context":"Article similaire","img":{"alt_text":"","src":"https:\/\/i0.wp.com\/association-sakura.fr\/wp-content\/uploads\/2020\/08\/Hiragana-300x225.png?resize=350%2C200","width":350,"height":200},"classes":[]}],"jetpack_likes_enabled":true,"_links":{"self":[{"href":"https:\/\/association-sakura.fr\/index.php?rest_route=\/wp\/v2\/pages\/1737"}],"collection":[{"href":"https:\/\/association-sakura.fr\/index.php?rest_route=\/wp\/v2\/pages"}],"about":[{"href":"https:\/\/association-sakura.fr\/index.php?rest_route=\/wp\/v2\/types\/page"}],"author":[{"embeddable":true,"href":"https:\/\/association-sakura.fr\/index.php?rest_route=\/wp\/v2\/users\/1"}],"replies":[{"embeddable":true,"href":"https:\/\/association-sakura.fr\/index.php?rest_route=%2Fwp%2Fv2%2Fcomments&post=1737"}],"version-history":[{"count":4,"href":"https:\/\/association-sakura.fr\/index.php?rest_route=\/wp\/v2\/pages\/1737\/revisions"}],"predecessor-version":[{"id":1811,"href":"https:\/\/association-sakura.fr\/index.php?rest_route=\/wp\/v2\/pages\/1737\/revisions\/1811"}],"up":[{"embeddable":true,"href":"https:\/\/association-sakura.fr\/index.php?rest_route=\/wp\/v2\/pages\/12"}],"wp:attachment":[{"href":"https:\/\/association-sakura.fr\/index.php?rest_route=%2Fwp%2Fv2%2Fmedia&parent=1737"}],"curies":[{"name":"wp","href":"https:\/\/api.w.org\/{rel}","templated":true}]}}