{"id":16,"date":"2016-08-11T16:00:53","date_gmt":"2016-08-11T15:00:53","guid":{"rendered":"http:\/\/association-sakura.fr\/?page_id=16"},"modified":"2016-08-11T16:17:09","modified_gmt":"2016-08-11T15:17:09","slug":"contact","status":"publish","type":"page","link":"https:\/\/association-sakura.fr\/?page_id=16","title":{"rendered":"Contact"},"content":{"rendered":"<div data-test='contact-form' id='contact-form-16' class='wp-block-jetpack-contact-form-container '>\n<form action='https:\/\/association-sakura.fr\/?page_id=16#contact-form-16' method='post' class='contact-form commentsblock'>\n<script>\n\t\t\t( function () {\n\t\t\t\tconst contact_forms = document.getElementsByClassName('contact-form');\n\n\t\t\t\tfor ( const form of contact_forms ) {\n\t\t\t\t\tform.onsubmit = function() {\n\t\t\t\t\t\tconst buttons = form.getElementsByTagName('button');\n\n\t\t\t\t\t\tfor( const button of buttons ) {\n\t\t\t\t\t\t\tbutton.setAttribute('disabled', true);\n\t\t\t\t\t\t}\n\t\t\t\t\t}\n\t\t\t\t}\n\t\t\t} )();\n\t\t<\/script>\n<div class='grunion-field-wrap grunion-field-name-wrap'  >\n<label\n\t\t\t\tfor='g16-nom'\n\t\t\t\tclass='grunion-field-label name'\n\t\t\t\t>Nom<span>(obligatoire)<\/span><\/label>\n<input\n\t\t\t\t\ttype='text'\n\t\t\t\t\tname='g16-nom'\n\t\t\t\t\tid='g16-nom'\n\t\t\t\t\tvalue=''\n\t\t\t\t\tclass='name' \n\t\t\t\t\trequired aria-required='true' \/>\n\t<\/div>\n\n<div class='grunion-field-wrap grunion-field-email-wrap'  >\n<label\n\t\t\t\tfor='g16-email'\n\t\t\t\tclass='grunion-field-label email'\n\t\t\t\t>E-mail<span>(obligatoire)<\/span><\/label>\n<input\n\t\t\t\t\ttype='email'\n\t\t\t\t\tname='g16-email'\n\t\t\t\t\tid='g16-email'\n\t\t\t\t\tvalue=''\n\t\t\t\t\tclass='email' \n\t\t\t\t\trequired aria-required='true' \/>\n\t<\/div>\n\n<div class='grunion-field-wrap grunion-field-url-wrap'  >\n<label\n\t\t\t\tfor='g16-siteweb'\n\t\t\t\tclass='grunion-field-label url'\n\t\t\t\t>Site Web<\/label>\n<input\n\t\t\t\t\ttype='text'\n\t\t\t\t\tname='g16-siteweb'\n\t\t\t\t\tid='g16-siteweb'\n\t\t\t\t\tvalue=''\n\t\t\t\t\tclass='url' \n\t\t\t\t\ttitle=\"Please enter a valid URL - https:\/\/www.example.com\" oninvalid=\"setCustomValidity(&quot;Please enter a valid URL - https:\/\/www.example.com&quot;)\" oninput=\"setCustomValidity(&quot;&quot;)\" pattern=\"(([:\\\/a-zA-Z0-9_\\-]+)?(\\.[a-zA-Z0-9_\\-\\\/]+)+)\" data-type-override=\"url\"  \/>\n\t<\/div>\n\n<div class='grunion-field-wrap grunion-field-textarea-wrap'  >\n<label\n\t\t\t\tfor='contact-form-comment-g16-commentaire'\n\t\t\t\tclass='grunion-field-label textarea'\n\t\t\t\t>Commentaire<span>(obligatoire)<\/span><\/label>\n<textarea\n\t\t                name='g16-commentaire'\n\t\t                id='contact-form-comment-g16-commentaire'\n\t\t                rows='20' class='textarea'  required aria-required='true'><\/textarea>\n\t<\/div>\n\t<p class='contact-submit'>\n\t\t<button type='submit' class='pushbutton-wide'>Envoyer<\/button>\t\t<input type='hidden' name='contact-form-id' value='16' \/>\n\t\t<input type='hidden' name='action' value='grunion-contact-form' \/>\n\t\t<input type='hidden' name='contact-form-hash' value='0c6dbe89ab8ecc3ddbcaa9f43a8382d6ec8bda40' \/>\n\t<\/p>\n<p style=\"display: none !important;\"><label>&#916;<textarea name=\"ak_hp_textarea\" cols=\"45\" rows=\"8\" maxlength=\"100\"><\/textarea><\/label><input type=\"hidden\" id=\"ak_js_1\" name=\"ak_js\" value=\"162\"\/><script>document.getElementById( \"ak_js_1\" ).setAttribute( \"value\", ( new Date() ).getTime() );<\/script><\/p><\/form>\n<\/div>\n<div class=\"sharedaddy sd-sharing-enabled\"><div class=\"robots-nocontent sd-block sd-social sd-social-icon sd-sharing\"><h3 class=\"sd-title\">Partager\u00a0:<\/h3><div class=\"sd-content\"><ul><li class=\"share-twitter\"><a rel=\"nofollow noopener noreferrer\" data-shared=\"sharing-twitter-16\" class=\"share-twitter sd-button share-icon no-text\" href=\"https:\/\/association-sakura.fr\/?page_id=16&amp;share=twitter\" target=\"_blank\" title=\"Cliquez pour partager sur Twitter\" ><span><\/span><span class=\"sharing-screen-reader-text\">Cliquez pour partager sur Twitter(ouvre dans une nouvelle fen\u00eatre)<\/span><\/a><\/li><li class=\"share-facebook\"><a rel=\"nofollow noopener noreferrer\" data-shared=\"sharing-facebook-16\" class=\"share-facebook sd-button share-icon no-text\" href=\"https:\/\/association-sakura.fr\/?page_id=16&amp;share=facebook\" target=\"_blank\" title=\"Cliquez pour partager sur Facebook\" ><span><\/span><span class=\"sharing-screen-reader-text\">Cliquez pour partager sur Facebook(ouvre dans une nouvelle fen\u00eatre)<\/span><\/a><\/li><li class=\"share-end\"><\/li><\/ul><\/div><\/div><\/div>","protected":false},"excerpt":{"rendered":"<div class=\"sharedaddy sd-sharing-enabled\"><div class=\"robots-nocontent sd-block sd-social sd-social-icon sd-sharing\"><h3 class=\"sd-title\">Partager\u00a0:<\/h3><div class=\"sd-content\"><ul><li class=\"share-twitter\"><a rel=\"nofollow noopener noreferrer\" data-shared=\"sharing-twitter-16\" class=\"share-twitter sd-button share-icon no-text\" href=\"https:\/\/association-sakura.fr\/?page_id=16&amp;share=twitter\" target=\"_blank\" title=\"Cliquez pour partager sur Twitter\" ><span><\/span><span class=\"sharing-screen-reader-text\">Cliquez pour partager sur Twitter(ouvre dans une nouvelle fen\u00eatre)<\/span><\/a><\/li><li class=\"share-facebook\"><a rel=\"nofollow noopener noreferrer\" data-shared=\"sharing-facebook-16\" class=\"share-facebook sd-button share-icon no-text\" href=\"https:\/\/association-sakura.fr\/?page_id=16&amp;share=facebook\" target=\"_blank\" title=\"Cliquez pour partager sur Facebook\" ><span><\/span><span class=\"sharing-screen-reader-text\">Cliquez pour partager sur Facebook(ouvre dans une nouvelle fen\u00eatre)<\/span><\/a><\/li><li class=\"share-end\"><\/li><\/ul><\/div><\/div><\/div>","protected":false},"author":1,"featured_media":0,"parent":0,"menu_order":3,"comment_status":"closed","ping_status":"closed","template":"","meta":{"jetpack_post_was_ever_published":false},"jetpack_sharing_enabled":true,"jetpack_shortlink":"https:\/\/wp.me\/P7NwjI-g","jetpack-related-posts":[{"id":39,"url":"https:\/\/association-sakura.fr\/?page_id=39","url_meta":{"origin":16,"position":0},"title":"Qui sommes nous ?","date":"12 ao\u00fbt 2016","format":false,"excerpt":"L'association Sakura est n\u00e9e \u00e0 l'initiative de passionn\u00e9s du Japon. Elle a \u00e9t\u00e9 cr\u00e9\u00e9e dans le but de faire d\u00e9couvrir les multiples facettes du pays, que ce soit \u00e0 travers, l'apprentissage de la langue japonaise, sa cuisine, ses \u00e9v\u00e8nements au fil des saisons, etc... Nous serons ravis de vous faire\u2026","rel":"","context":"Article similaire","img":{"alt_text":"","src":"","width":0,"height":0},"classes":[]},{"id":2,"url":"https:\/\/association-sakura.fr\/?page_id=2","url_meta":{"origin":16,"position":1},"title":"Cours","date":"11 ao\u00fbt 2016","format":false,"excerpt":"L'association Sakura propose des cours de Japonais (et d'autres activit\u00e9s pendant les vacances scolaires) \u00e0 B\u00e9darieux et \u00e0 P\u00e9zenas Pour nous retrouver \u00e0 B\u00e9darieux, c'est tous les mardis de 17 \u00e0 18h au lyc\u00e9e Ferdinand Fabre\u00a0(maison des lyc\u00e9ens). Et \u00e0 P\u00e9zenas, c'est tous les vendredis de 17 \u00e0 18h (d\u00e9butants)\u2026","rel":"","context":"Article similaire","img":{"alt_text":"","src":"","width":0,"height":0},"classes":[]},{"id":100,"url":"https:\/\/association-sakura.fr\/?page_id=100","url_meta":{"origin":16,"position":2},"title":"Dorayaki &#8211; \u3069\u3089\u3084\u304d","date":"28 ao\u00fbt 2017","format":false,"excerpt":"Voici la recette d'un des desserts japonais, ce dessert est le pr\u00e9f\u00e9r\u00e9 de Doraemon, le chat bleu dot\u00e9 d'une poche ventrale :-) Les Dorayaki ressemblent \u00e0 2 pancakes fourr\u00e9s \u00e0 la p\u00e2te d'haricots \"Azuki\", tr\u00e8s appr\u00e9ci\u00e9 au Japon, ce dessert, se trouve partout dans les combinis mais aussi dans les\u2026","rel":"","context":"Article similaire","img":{"alt_text":"","src":"","width":0,"height":0},"classes":[]},{"id":98,"url":"https:\/\/association-sakura.fr\/?page_id=98","url_meta":{"origin":16,"position":3},"title":"Curry Japonais","date":"28 ao\u00fbt 2017","format":false,"excerpt":"Voici une des recettes japonaise tr\u00e8s simple qui fait parti int\u00e9grante de la gastronomie japonaise. Je vais vous donner ma recette qui est tr\u00e8s simple ! A savoir qu'il y a autant de recettes de curry au Japon que de recettes de macaronade dans la r\u00e9gion. Chacun \u00e0 la sienne\u2026","rel":"","context":"Article similaire","img":{"alt_text":"","src":"","width":0,"height":0},"classes":[]},{"id":58,"url":"https:\/\/association-sakura.fr\/?page_id=58","url_meta":{"origin":16,"position":4},"title":"Langue Japonaise \u65e5\u672c\u8a9e","date":"18 ao\u00fbt 2016","format":false,"excerpt":"La langue japonaise, c'est une langue qui est \u00e9loign\u00e9 du fran\u00e7ais, mais tout aussi po\u00e9tique ! A savoir que la langue japonaise \u00e0 4 \u00e9critures :\u00a0 Hiragana Katakana Kanji Furigana Dans un premier lieu, lors de cours, les hiraganas et katakana (ordinairement dit les \"kanas\") sont appris afin d'utiliser ensuite\u2026","rel":"","context":"Article similaire","img":{"alt_text":"","src":"https:\/\/i0.wp.com\/association-sakura.fr\/wp-content\/uploads\/2020\/08\/Hiragana-300x225.png?resize=350%2C200","width":350,"height":200},"classes":[]},{"id":120,"url":"https:\/\/association-sakura.fr\/?page_id=120","url_meta":{"origin":16,"position":5},"title":"Oyakodon &#8211; \u304a\u3084\u3053\u3069\u3093","date":"11 septembre 2017","format":false,"excerpt":"L'oyakodon est ce que l'on appelle un \"Donburi\" \u3069\u3093\u3076\u308asoit un plat qui se mange dans un bol. Mais autre particularit\u00e9 de se plat \u00e0 base de poulet et d\u2019\u0153uf, \u00a0il signifie la m\u00e8re et l'enfant car \"Oya\"\u00a0\u304a\u3084 signifie les parents, et \"ko\"\u3053 les enfants. C'est une recette simple et d\u00e9licieuse,\u2026","rel":"","context":"Article similaire","img":{"alt_text":"","src":"","width":0,"height":0},"classes":[]}],"jetpack_likes_enabled":true,"_links":{"self":[{"href":"https:\/\/association-sakura.fr\/index.php?rest_route=\/wp\/v2\/pages\/16"}],"collection":[{"href":"https:\/\/association-sakura.fr\/index.php?rest_route=\/wp\/v2\/pages"}],"about":[{"href":"https:\/\/association-sakura.fr\/index.php?rest_route=\/wp\/v2\/types\/page"}],"author":[{"embeddable":true,"href":"https:\/\/association-sakura.fr\/index.php?rest_route=\/wp\/v2\/users\/1"}],"replies":[{"embeddable":true,"href":"https:\/\/association-sakura.fr\/index.php?rest_route=%2Fwp%2Fv2%2Fcomments&post=16"}],"version-history":[{"count":3,"href":"https:\/\/association-sakura.fr\/index.php?rest_route=\/wp\/v2\/pages\/16\/revisions"}],"predecessor-version":[{"id":25,"href":"https:\/\/association-sakura.fr\/index.php?rest_route=\/wp\/v2\/pages\/16\/revisions\/25"}],"wp:attachment":[{"href":"https:\/\/association-sakura.fr\/index.php?rest_route=%2Fwp%2Fv2%2Fmedia&parent=16"}],"curies":[{"name":"wp","href":"https:\/\/api.w.org\/{rel}","templated":true}]}}