{"id":120,"date":"2017-09-11T09:53:50","date_gmt":"2017-09-11T08:53:50","guid":{"rendered":"http:\/\/association-sakura.fr\/?page_id=120"},"modified":"2017-09-11T09:53:50","modified_gmt":"2017-09-11T08:53:50","slug":"oyakodon","status":"publish","type":"page","link":"https:\/\/association-sakura.fr\/?page_id=120","title":{"rendered":"Oyakodon &#8211; \u304a\u3084\u3053\u3069\u3093"},"content":{"rendered":"<p>L&rsquo;oyakodon est ce que l&rsquo;on appelle un \u00ab\u00a0Donburi\u00a0\u00bb \u3069\u3093\u3076\u308asoit un plat qui se mange dans un bol. Mais autre particularit\u00e9 de se plat \u00e0 base de poulet et d\u2019\u0153uf, \u00a0il signifie la m\u00e8re et l&rsquo;enfant car \u00ab\u00a0Oya\u00a0\u00bb\u00a0\u304a\u3084 signifie les parents, et \u00ab\u00a0ko\u00a0\u00bb\u3053 les enfants.<\/p>\n<p>C&rsquo;est une recette simple et d\u00e9licieuse, rapide \u00e0 faire !<\/p>\n<p>Difficult\u00e9 : Facile<\/p>\n<p>Temps : Environ 30 minutes<\/p>\n<p><span style=\"text-decoration: underline;\">Ingr\u00e9dients pour 2 personnes<\/span> :<\/p>\n<ul>\n<li>100 gr de Poulet (blanc ou cuisse d\u00e9soss\u00e9e)<\/li>\n<li>1 demi oignon<\/li>\n<li>3 oeufs<\/li>\n<li>2 cuill\u00e8res \u00e0 soupe de sucre<\/li>\n<li>80 ml d&rsquo;eau<\/li>\n<li>Un peu de Dashi<\/li>\n<li>2 cuill\u00e8res \u00e0 soupe de sak\u00e9<\/li>\n<li>2 cuill\u00e8res \u00e0 soupe de Mirin<\/li>\n<li>2 cuill\u00e8res et demi de sauce soja<\/li>\n<li>Riz pour 2 personnes<\/li>\n<\/ul>\n<p><span style=\"text-decoration: underline;\">Recette<\/span> :<\/p>\n<ul>\n<li>Dans une po\u00eale ou wok, mettez le sucre, l&rsquo;eau, le sak\u00e9, le mirin, la sauce soja, remuez pour que le sucre et le dashi fondent<\/li>\n<li>Mettez \u00e0 feu doux<\/li>\n<li>D\u00e9coupez le oignon pas trop fin, pas trop \u00e9pais<\/li>\n<li>D\u00e9coupez le poulet en morceaux (pas trop petit non plus) \ud83d\ude09<\/li>\n<li>Une fois que le \u00ab\u00a0bouillon\u00a0\u00bb est \u00e0 \u00e9bullition, ajoutez y l&rsquo;oignon et le poulet<\/li>\n<li>Remuez pour que tous les ingr\u00e9dients soient dans la sauce<\/li>\n<li>Remuez le temps de la cuisson de la viande<\/li>\n<li>Dans un saladier, battez vos 3 \u0153ufs<\/li>\n<li>Et pr\u00e9parer un bol avec le riz<\/li>\n<li>Quand la viande et l&rsquo;oignon sont cuits, versez vos \u0153ufs dans la po\u00eale et remuez l&rsquo;omelette<\/li>\n<li>Couvrez le temps que cela cuisse (pas trop longtemps non plus)<\/li>\n<li>Une fois que cela est pr\u00eat et juteux<\/li>\n<li>D\u00e9posez l&rsquo;omelette sur le bol de riz, soufflez et d\u00e9gustez \ud83d\ude42<\/li>\n<\/ul>\n<p>\u3044\u305f\u3060\u304d\u307e\u3059<\/p>\n<p>&nbsp;<\/p>\n<p>&nbsp;<\/p>\n<div class=\"sharedaddy sd-sharing-enabled\"><div class=\"robots-nocontent sd-block sd-social sd-social-icon sd-sharing\"><h3 class=\"sd-title\">Partager\u00a0:<\/h3><div class=\"sd-content\"><ul><li class=\"share-twitter\"><a rel=\"nofollow noopener noreferrer\" data-shared=\"sharing-twitter-120\" class=\"share-twitter sd-button share-icon no-text\" href=\"https:\/\/association-sakura.fr\/?page_id=120&amp;share=twitter\" target=\"_blank\" title=\"Cliquez pour partager sur Twitter\" ><span><\/span><span class=\"sharing-screen-reader-text\">Cliquez pour partager sur Twitter(ouvre dans une nouvelle fen\u00eatre)<\/span><\/a><\/li><li class=\"share-facebook\"><a rel=\"nofollow noopener noreferrer\" data-shared=\"sharing-facebook-120\" class=\"share-facebook sd-button share-icon no-text\" href=\"https:\/\/association-sakura.fr\/?page_id=120&amp;share=facebook\" target=\"_blank\" title=\"Cliquez pour partager sur Facebook\" ><span><\/span><span class=\"sharing-screen-reader-text\">Cliquez pour partager sur Facebook(ouvre dans une nouvelle fen\u00eatre)<\/span><\/a><\/li><li class=\"share-end\"><\/li><\/ul><\/div><\/div><\/div>","protected":false},"excerpt":{"rendered":"<p>L&rsquo;oyakodon est ce que l&rsquo;on appelle un \u00ab\u00a0Donburi\u00a0\u00bb \u3069\u3093\u3076\u308asoit un plat qui se mange dans un bol. Mais autre particularit\u00e9 de se plat \u00e0 base de poulet et d\u2019\u0153uf, \u00a0il signifie la m\u00e8re et l&rsquo;enfant car \u00ab\u00a0Oya\u00a0\u00bb\u00a0\u304a\u3084 signifie les parents, et \u00ab\u00a0ko\u00a0\u00bb\u3053 les enfants. C&rsquo;est une recette simple et d\u00e9licieuse, rapide \u00e0 faire ! Difficult\u00e9 <a class=\"read-more\" href=\"https:\/\/association-sakura.fr\/?page_id=120\">Read More<\/a><\/p>\n<div class=\"sharedaddy sd-sharing-enabled\"><div class=\"robots-nocontent sd-block sd-social sd-social-icon sd-sharing\"><h3 class=\"sd-title\">Partager\u00a0:<\/h3><div class=\"sd-content\"><ul><li class=\"share-twitter\"><a rel=\"nofollow noopener noreferrer\" data-shared=\"sharing-twitter-120\" class=\"share-twitter sd-button share-icon no-text\" href=\"https:\/\/association-sakura.fr\/?page_id=120&amp;share=twitter\" target=\"_blank\" title=\"Cliquez pour partager sur Twitter\" ><span><\/span><span class=\"sharing-screen-reader-text\">Cliquez pour partager sur Twitter(ouvre dans une nouvelle fen\u00eatre)<\/span><\/a><\/li><li class=\"share-facebook\"><a rel=\"nofollow noopener noreferrer\" data-shared=\"sharing-facebook-120\" class=\"share-facebook sd-button share-icon no-text\" href=\"https:\/\/association-sakura.fr\/?page_id=120&amp;share=facebook\" target=\"_blank\" title=\"Cliquez pour partager sur Facebook\" ><span><\/span><span class=\"sharing-screen-reader-text\">Cliquez pour partager sur Facebook(ouvre dans une nouvelle fen\u00eatre)<\/span><\/a><\/li><li class=\"share-end\"><\/li><\/ul><\/div><\/div><\/div>","protected":false},"author":1,"featured_media":0,"parent":96,"menu_order":0,"comment_status":"closed","ping_status":"closed","template":"","meta":{"jetpack_post_was_ever_published":false},"jetpack_sharing_enabled":true,"jetpack_shortlink":"https:\/\/wp.me\/P7NwjI-1W","jetpack-related-posts":[{"id":100,"url":"https:\/\/association-sakura.fr\/?page_id=100","url_meta":{"origin":120,"position":0},"title":"Dorayaki &#8211; \u3069\u3089\u3084\u304d","date":"28 ao\u00fbt 2017","format":false,"excerpt":"Voici la recette d'un des desserts japonais, ce dessert est le pr\u00e9f\u00e9r\u00e9 de Doraemon, le chat bleu dot\u00e9 d'une poche ventrale :-) Les Dorayaki ressemblent \u00e0 2 pancakes fourr\u00e9s \u00e0 la p\u00e2te d'haricots \"Azuki\", tr\u00e8s appr\u00e9ci\u00e9 au Japon, ce dessert, se trouve partout dans les combinis mais aussi dans les\u2026","rel":"","context":"Article similaire","img":{"alt_text":"","src":"","width":0,"height":0},"classes":[]},{"id":98,"url":"https:\/\/association-sakura.fr\/?page_id=98","url_meta":{"origin":120,"position":1},"title":"Curry Japonais","date":"28 ao\u00fbt 2017","format":false,"excerpt":"Voici une des recettes japonaise tr\u00e8s simple qui fait parti int\u00e9grante de la gastronomie japonaise. Je vais vous donner ma recette qui est tr\u00e8s simple ! A savoir qu'il y a autant de recettes de curry au Japon que de recettes de macaronade dans la r\u00e9gion. Chacun \u00e0 la sienne\u2026","rel":"","context":"Article similaire","img":{"alt_text":"","src":"","width":0,"height":0},"classes":[]}],"jetpack_likes_enabled":true,"_links":{"self":[{"href":"https:\/\/association-sakura.fr\/index.php?rest_route=\/wp\/v2\/pages\/120"}],"collection":[{"href":"https:\/\/association-sakura.fr\/index.php?rest_route=\/wp\/v2\/pages"}],"about":[{"href":"https:\/\/association-sakura.fr\/index.php?rest_route=\/wp\/v2\/types\/page"}],"author":[{"embeddable":true,"href":"https:\/\/association-sakura.fr\/index.php?rest_route=\/wp\/v2\/users\/1"}],"replies":[{"embeddable":true,"href":"https:\/\/association-sakura.fr\/index.php?rest_route=%2Fwp%2Fv2%2Fcomments&post=120"}],"version-history":[{"count":2,"href":"https:\/\/association-sakura.fr\/index.php?rest_route=\/wp\/v2\/pages\/120\/revisions"}],"predecessor-version":[{"id":122,"href":"https:\/\/association-sakura.fr\/index.php?rest_route=\/wp\/v2\/pages\/120\/revisions\/122"}],"up":[{"embeddable":true,"href":"https:\/\/association-sakura.fr\/index.php?rest_route=\/wp\/v2\/pages\/96"}],"wp:attachment":[{"href":"https:\/\/association-sakura.fr\/index.php?rest_route=%2Fwp%2Fv2%2Fmedia&parent=120"}],"curies":[{"name":"wp","href":"https:\/\/api.w.org\/{rel}","templated":true}]}}